{"id":1355,"date":"2022-03-10T13:31:19","date_gmt":"2022-03-10T17:31:19","guid":{"rendered":"https:\/\/cuaternion.tk\/?page_id=1355"},"modified":"2025-04-10T11:04:09","modified_gmt":"2025-04-10T15:04:09","slug":"inicial","status":"publish","type":"page","link":"https:\/\/leon.colegiocalasanz.edu.ni\/?page_id=1355","title":{"rendered":"Coordinaci\u00f3n de Inicial"},"content":{"rendered":"\t\t<div data-elementor-type=\"wp-post\" data-elementor-id=\"1355\" class=\"elementor elementor-1355\">\n\t\t\t\t\t\t\t\t\t<section class=\"elementor-section elementor-top-section elementor-element elementor-element-23514230 elementor-section-boxed elementor-section-height-default elementor-section-height-default\" data-id=\"23514230\" data-element_type=\"section\">\n\t\t\t\t\t\t<div class=\"elementor-container elementor-column-gap-wide\">\n\t\t\t\t\t<div class=\"elementor-column elementor-col-50 elementor-top-column elementor-element elementor-element-69ed9129\" data-id=\"69ed9129\" data-element_type=\"column\">\n\t\t\t<div class=\"elementor-widget-wrap elementor-element-populated\">\n\t\t\t\t\t\t\t\t<div class=\"elementor-element elementor-element-56207e36 elementor-widget elementor-widget-image\" data-id=\"56207e36\" data-element_type=\"widget\" data-widget_type=\"image.default\">\n\t\t\t\t<div class=\"elementor-widget-container\">\n\t\t\t\t\t\t\t\t\t\t\t\t\t\t\t<img loading=\"lazy\" decoding=\"async\" width=\"768\" height=\"1086\" src=\"https:\/\/leon.colegiocalasanz.edu.ni\/wp-content\/uploads\/2024\/07\/FRANCIS-FLORES.jpg\" class=\"attachment-medium_large size-medium_large wp-image-4085\" alt=\"\" srcset=\"https:\/\/leon.colegiocalasanz.edu.ni\/wp-content\/uploads\/2024\/07\/FRANCIS-FLORES.jpg 1414w, https:\/\/leon.colegiocalasanz.edu.ni\/wp-content\/uploads\/2024\/07\/FRANCIS-FLORES-212x300.jpg 212w, https:\/\/leon.colegiocalasanz.edu.ni\/wp-content\/uploads\/2024\/07\/FRANCIS-FLORES-724x1024.jpg 724w, https:\/\/leon.colegiocalasanz.edu.ni\/wp-content\/uploads\/2024\/07\/FRANCIS-FLORES-8x12.jpg 8w, https:\/\/leon.colegiocalasanz.edu.ni\/wp-content\/uploads\/2024\/07\/FRANCIS-FLORES-71x100.jpg 71w, https:\/\/leon.colegiocalasanz.edu.ni\/wp-content\/uploads\/2024\/07\/FRANCIS-FLORES-1086x1536.jpg 1086w, https:\/\/leon.colegiocalasanz.edu.ni\/wp-content\/uploads\/2024\/07\/FRANCIS-FLORES-106x150.jpg 106w\" sizes=\"auto, (max-width: 768px) 100vw, 768px\" \/>\t\t\t\t\t\t\t\t\t\t\t\t\t\t\t<\/div>\n\t\t\t\t<\/div>\n\t\t\t\t\t<\/div>\n\t\t<\/div>\n\t\t\t\t<div class=\"elementor-column elementor-col-50 elementor-top-column elementor-element elementor-element-60f5a2c5\" data-id=\"60f5a2c5\" data-element_type=\"column\">\n\t\t\t<div class=\"elementor-widget-wrap elementor-element-populated\">\n\t\t\t\t\t\t\t\t<div class=\"elementor-element elementor-element-5f9be7fc elementor-widget elementor-widget-heading\" data-id=\"5f9be7fc\" data-element_type=\"widget\" data-widget_type=\"heading.default\">\n\t\t\t\t<div class=\"elementor-widget-container\">\n\t\t\t<h2 class=\"elementor-heading-title elementor-size-medium\">Coordinaci\u00f3n de Educaci\u00f3n Inicial y Primaria<\/h2>\t\t<\/div>\n\t\t\t\t<\/div>\n\t\t\t\t<div class=\"elementor-element elementor-element-4b1d3acc elementor-widget elementor-widget-heading\" data-id=\"4b1d3acc\" data-element_type=\"widget\" data-widget_type=\"heading.default\">\n\t\t\t\t<div class=\"elementor-widget-container\">\n\t\t\t<p class=\"elementor-heading-title elementor-size-medium\">El Nivel Inicial tiene como finalidad propiciar el desarrollo de las habilidades y capacidades socioemocionales, psicomotrices, cognitivas, expresivas y espirituales del ni\u00f1o o ni\u00f1a, utilizando como principal medio de ejecuci\u00f3n el juego de acuerdo con su edad cronol\u00f3gica y etapa evolutiva.<br><br>De forma complementaria y entrelazada se construyen las bases necesarias para la trayectoria de la educaci\u00f3n primaria, integrando la tecnolog\u00eda para mejorar y acompa\u00f1ar los procesos de ense\u00f1anza y aprendizaje. Siendo el alumno centro de la formaci\u00f3n y atendiendo a la edad, necesidades y estilo de aprendizaje, nuestra ense\u00f1anza est\u00e1 inclinada por la metodolog\u00eda juego-trabajo, integrando el m\u00e9todo Montessori y el aprendizaje cooperativo.<br><br>El Nivel Inicial ofrece sus espacios formativos para los ni\u00f1os de 2 a 5 a\u00f1os, en los grados de P\u00e1rvulo, Prek\u00ednder, K\u00ednder y Preprimario. Integrando a las familias en la\ntarea educativa propiciando la comunicaci\u00f3n, el di\u00e1logo constructivo y el respeto mutuo.<\/p>\t\t<\/div>\n\t\t\t\t<\/div>\n\t\t\t\t\t<\/div>\n\t\t<\/div>\n\t\t\t\t\t\t\t<\/div>\n\t\t<\/section>\n\t\t\t\t<section class=\"elementor-section elementor-top-section elementor-element elementor-element-7427e8a elementor-section-boxed elementor-section-height-default elementor-section-height-default\" data-id=\"7427e8a\" data-element_type=\"section\">\n\t\t\t\t\t\t<div class=\"elementor-container elementor-column-gap-default\">\n\t\t\t\t\t<div class=\"elementor-column elementor-col-100 elementor-top-column elementor-element elementor-element-9adf9d7\" data-id=\"9adf9d7\" data-element_type=\"column\">\n\t\t\t<div class=\"elementor-widget-wrap elementor-element-populated\">\n\t\t\t\t\t\t\t\t<div class=\"elementor-element elementor-element-d4a5036 elementor-widget elementor-widget-heading\" data-id=\"d4a5036\" data-element_type=\"widget\" data-widget_type=\"heading.default\">\n\t\t\t\t<div class=\"elementor-widget-container\">\n\t\t\t<h2 class=\"elementor-heading-title elementor-size-default\">Docentes de Preescolar<\/h2>\t\t<\/div>\n\t\t\t\t<\/div>\n\t\t\t\t\t<\/div>\n\t\t<\/div>\n\t\t\t\t\t\t\t<\/div>\n\t\t<\/section>\n\t\t\t\t<section class=\"elementor-section elementor-top-section elementor-element elementor-element-2996cf1 elementor-section-boxed elementor-section-height-default elementor-section-height-default\" data-id=\"2996cf1\" data-element_type=\"section\">\n\t\t\t\t\t\t<div class=\"elementor-container elementor-column-gap-default\">\n\t\t\t\t\t<div class=\"elementor-column elementor-col-33 elementor-top-column elementor-element elementor-element-ef25127\" data-id=\"ef25127\" data-element_type=\"column\">\n\t\t\t<div class=\"elementor-widget-wrap elementor-element-populated\">\n\t\t\t\t\t\t\t\t<div class=\"elementor-element elementor-element-1a40756 elementor-widget elementor-widget-image\" data-id=\"1a40756\" data-element_type=\"widget\" data-widget_type=\"image.default\">\n\t\t\t\t<div class=\"elementor-widget-container\">\n\t\t\t\t\t\t\t\t\t\t\t\t\t\t\t<img loading=\"lazy\" decoding=\"async\" width=\"724\" height=\"1024\" src=\"https:\/\/leon.colegiocalasanz.edu.ni\/wp-content\/uploads\/2025\/04\/35-724x1024.jpg\" class=\"attachment-large size-large wp-image-4679\" alt=\"\" srcset=\"https:\/\/leon.colegiocalasanz.edu.ni\/wp-content\/uploads\/2025\/04\/35-724x1024.jpg 724w, https:\/\/leon.colegiocalasanz.edu.ni\/wp-content\/uploads\/2025\/04\/35-212x300.jpg 212w, https:\/\/leon.colegiocalasanz.edu.ni\/wp-content\/uploads\/2025\/04\/35-8x12.jpg 8w, https:\/\/leon.colegiocalasanz.edu.ni\/wp-content\/uploads\/2025\/04\/35-71x100.jpg 71w, https:\/\/leon.colegiocalasanz.edu.ni\/wp-content\/uploads\/2025\/04\/35-1086x1536.jpg 1086w, https:\/\/leon.colegiocalasanz.edu.ni\/wp-content\/uploads\/2025\/04\/35.jpg 1414w, https:\/\/leon.colegiocalasanz.edu.ni\/wp-content\/uploads\/2025\/04\/35-106x150.jpg 106w\" sizes=\"auto, (max-width: 724px) 100vw, 724px\" \/>\t\t\t\t\t\t\t\t\t\t\t\t\t\t\t<\/div>\n\t\t\t\t<\/div>\n\t\t\t\t\t<\/div>\n\t\t<\/div>\n\t\t\t\t<div class=\"elementor-column elementor-col-33 elementor-top-column elementor-element elementor-element-683412a\" data-id=\"683412a\" data-element_type=\"column\">\n\t\t\t<div class=\"elementor-widget-wrap elementor-element-populated\">\n\t\t\t\t\t\t\t\t<div class=\"elementor-element elementor-element-98df8e3 elementor-widget elementor-widget-image\" data-id=\"98df8e3\" data-element_type=\"widget\" data-widget_type=\"image.default\">\n\t\t\t\t<div class=\"elementor-widget-container\">\n\t\t\t\t\t\t\t\t\t\t\t\t\t\t\t<img loading=\"lazy\" decoding=\"async\" width=\"724\" height=\"1024\" src=\"https:\/\/leon.colegiocalasanz.edu.ni\/wp-content\/uploads\/2025\/04\/34-1-724x1024.jpg\" class=\"attachment-large size-large wp-image-4703\" alt=\"\" srcset=\"https:\/\/leon.colegiocalasanz.edu.ni\/wp-content\/uploads\/2025\/04\/34-1-724x1024.jpg 724w, https:\/\/leon.colegiocalasanz.edu.ni\/wp-content\/uploads\/2025\/04\/34-1-212x300.jpg 212w, https:\/\/leon.colegiocalasanz.edu.ni\/wp-content\/uploads\/2025\/04\/34-1-8x12.jpg 8w, https:\/\/leon.colegiocalasanz.edu.ni\/wp-content\/uploads\/2025\/04\/34-1-71x100.jpg 71w, https:\/\/leon.colegiocalasanz.edu.ni\/wp-content\/uploads\/2025\/04\/34-1-1086x1536.jpg 1086w, https:\/\/leon.colegiocalasanz.edu.ni\/wp-content\/uploads\/2025\/04\/34-1.jpg 1414w, https:\/\/leon.colegiocalasanz.edu.ni\/wp-content\/uploads\/2025\/04\/34-1-106x150.jpg 106w\" sizes=\"auto, (max-width: 724px) 100vw, 724px\" \/>\t\t\t\t\t\t\t\t\t\t\t\t\t\t\t<\/div>\n\t\t\t\t<\/div>\n\t\t\t\t\t<\/div>\n\t\t<\/div>\n\t\t\t\t<div class=\"elementor-column elementor-col-33 elementor-top-column elementor-element elementor-element-c38518a\" data-id=\"c38518a\" data-element_type=\"column\">\n\t\t\t<div class=\"elementor-widget-wrap elementor-element-populated\">\n\t\t\t\t\t\t\t\t<div class=\"elementor-element elementor-element-67f9dbe elementor-widget elementor-widget-image\" data-id=\"67f9dbe\" data-element_type=\"widget\" data-widget_type=\"image.default\">\n\t\t\t\t<div class=\"elementor-widget-container\">\n\t\t\t\t\t\t\t\t\t\t\t\t\t\t\t<img loading=\"lazy\" decoding=\"async\" width=\"724\" height=\"1024\" src=\"https:\/\/leon.colegiocalasanz.edu.ni\/wp-content\/uploads\/2024\/07\/EVELING-RUEDA-724x1024.jpg\" class=\"attachment-large size-large wp-image-4119\" alt=\"\" srcset=\"https:\/\/leon.colegiocalasanz.edu.ni\/wp-content\/uploads\/2024\/07\/EVELING-RUEDA-724x1024.jpg 724w, https:\/\/leon.colegiocalasanz.edu.ni\/wp-content\/uploads\/2024\/07\/EVELING-RUEDA-212x300.jpg 212w, https:\/\/leon.colegiocalasanz.edu.ni\/wp-content\/uploads\/2024\/07\/EVELING-RUEDA-8x12.jpg 8w, https:\/\/leon.colegiocalasanz.edu.ni\/wp-content\/uploads\/2024\/07\/EVELING-RUEDA-71x100.jpg 71w, https:\/\/leon.colegiocalasanz.edu.ni\/wp-content\/uploads\/2024\/07\/EVELING-RUEDA-1086x1536.jpg 1086w, https:\/\/leon.colegiocalasanz.edu.ni\/wp-content\/uploads\/2024\/07\/EVELING-RUEDA.jpg 1414w, https:\/\/leon.colegiocalasanz.edu.ni\/wp-content\/uploads\/2024\/07\/EVELING-RUEDA-106x150.jpg 106w\" sizes=\"auto, (max-width: 724px) 100vw, 724px\" \/>\t\t\t\t\t\t\t\t\t\t\t\t\t\t\t<\/div>\n\t\t\t\t<\/div>\n\t\t\t\t\t<\/div>\n\t\t<\/div>\n\t\t\t\t\t\t\t<\/div>\n\t\t<\/section>\n\t\t\t\t\t\t\t<\/div>\n\t\t","protected":false},"excerpt":{"rendered":"<p>Coordinaci\u00f3n de Educaci\u00f3n Inicial y Primaria El Nivel Inicial tiene como finalidad propiciar el desarrollo de las habilidades y capacidades socioemocionales, psicomotrices, cognitivas, expresivas y espirituales del ni\u00f1o o ni\u00f1a, utilizando como principal medio de ejecuci\u00f3n el juego de acuerdo con su edad cronol\u00f3gica y&nbsp;<a href=\"https:\/\/leon.colegiocalasanz.edu.ni\/?page_id=1355\">&hellip;<\/a><\/p>\n","protected":false},"author":1,"featured_media":0,"parent":0,"menu_order":0,"comment_status":"closed","ping_status":"closed","template":"template-fullwidth.php","meta":{"footnotes":""},"class_list":["post-1355","page","type-page","status-publish","hentry","odd"],"_links":{"self":[{"href":"https:\/\/leon.colegiocalasanz.edu.ni\/index.php?rest_route=\/wp\/v2\/pages\/1355","targetHints":{"allow":["GET"]}}],"collection":[{"href":"https:\/\/leon.colegiocalasanz.edu.ni\/index.php?rest_route=\/wp\/v2\/pages"}],"about":[{"href":"https:\/\/leon.colegiocalasanz.edu.ni\/index.php?rest_route=\/wp\/v2\/types\/page"}],"author":[{"embeddable":true,"href":"https:\/\/leon.colegiocalasanz.edu.ni\/index.php?rest_route=\/wp\/v2\/users\/1"}],"replies":[{"embeddable":true,"href":"https:\/\/leon.colegiocalasanz.edu.ni\/index.php?rest_route=%2Fwp%2Fv2%2Fcomments&post=1355"}],"version-history":[{"count":73,"href":"https:\/\/leon.colegiocalasanz.edu.ni\/index.php?rest_route=\/wp\/v2\/pages\/1355\/revisions"}],"predecessor-version":[{"id":4706,"href":"https:\/\/leon.colegiocalasanz.edu.ni\/index.php?rest_route=\/wp\/v2\/pages\/1355\/revisions\/4706"}],"wp:attachment":[{"href":"https:\/\/leon.colegiocalasanz.edu.ni\/index.php?rest_route=%2Fwp%2Fv2%2Fmedia&parent=1355"}],"curies":[{"name":"wp","href":"https:\/\/api.w.org\/{rel}","templated":true}]}}