{"id":3120,"date":"2017-02-21T12:45:01","date_gmt":"2017-02-21T12:45:01","guid":{"rendered":"http:\/\/ed.aislinthemes.com\/?page_id=1139"},"modified":"2023-10-29T22:09:37","modified_gmt":"2023-10-30T02:09:37","slug":"after-school","status":"publish","type":"page","link":"https:\/\/leon.colegiocalasanz.edu.ni\/?page_id=3120","title":{"rendered":"After school"},"content":{"rendered":"<div class=\"vc_row wpb_row vc_row-fluid\"><div class=\"wpb_column vc_column_container vc_col-sm-12\"><div class=\"vc_column-inner vc_custom_1490101954713\"><div class=\"wpb_wrapper\">\n<div class=\"vc_grid-container-wrapper vc_clearfix vc_grid-animation-fadeIn\">\n\t<div class=\"vc_grid-container vc_clearfix wpb_content_element vc_basic_grid vc_custom_1489054029423\" data-initial-loading-animation=\"fadeIn\" data-vc-grid-settings=\"{&quot;page_id&quot;:3120,&quot;style&quot;:&quot;all&quot;,&quot;action&quot;:&quot;vc_get_vc_grid_data&quot;,&quot;shortcode_id&quot;:&quot;1491472671178-371fba7e-2465-9&quot;,&quot;tag&quot;:&quot;vc_basic_grid&quot;}\" data-vc-request=\"https:\/\/leon.colegiocalasanz.edu.ni\/wp-admin\/admin-ajax.php\" data-vc-post-id=\"3120\" data-vc-public-nonce=\"ae6c60899e\">\n\t\t<style data-type=\"vc_shortcodes-custom-css\">.vc_custom_1487765655729{padding-top: 5px !important;padding-right: 0px !important;padding-bottom: 0px !important;padding-left: 0px !important;background-color: #ffffff !important;}.vc_custom_1487765550898{padding-right: 0px !important;padding-left: 0px !important;}.vc_custom_1487764318086{background-color: rgba(230,190,30,0.69) !important;*background-color: rgb(230,190,30) !important;}.vc_custom_1487765591353{padding-top: 0px !important;padding-right: 0px !important;padding-bottom: 0px !important;padding-left: 0px !important;}.vc_custom_1487765918758{margin-top: 15px !important;margin-bottom: 0px !important;}<\/style><div class=\"vc_grid vc_row vc_grid-gutter-30px vc_pageable-wrapper vc_hook_hover\" data-vc-pageable-content=\"true\"><div class=\"vc_pageable-slide-wrapper vc_clearfix\" data-vc-grid-content=\"true\"><div class=\"vc_grid-item vc_clearfix vc_col-sm-4 vc_grid-item-zone-c-bottom\"><div class=\"vc_grid-item-mini vc_clearfix \"><div class=\"vc_gitem-animated-block  vc_gitem-animate vc_gitem-animate-scaleRotateIn\"  data-vc-animation=\"scaleRotateIn\"><div class=\"vc_gitem-zone vc_gitem-zone-a vc_custom_1487765550898 vc_gitem-is-link\" style=\"background-image: url('https:\/\/leon.colegiocalasanz.edu.ni\/wp-content\/uploads\/2022\/09\/seo_google_youtube-693x419.jpeg') !important;\"><a href=\"https:\/\/leon.colegiocalasanz.edu.ni\/wp-content\/uploads\/2022\/09\/seo_google_youtube-693x419.jpeg\" title=\"Seguimiento en Calasanz Virtual\"  data-lightbox=\"lightbox[rel-3120-375795068]\" data-vc-gitem-zone=\"prettyphotoLink\" class=\"vc_gitem-link prettyphoto vc-zone-link vc-prettyphoto-link\" ><\/a><img decoding=\"async\" src=\"https:\/\/leon.colegiocalasanz.edu.ni\/wp-content\/uploads\/2022\/09\/seo_google_youtube-693x419.jpeg\" class=\"vc_gitem-zone-img\" alt=\"Seguimiento en Calasanz Virtual\"><div class=\"vc_gitem-zone-mini\"><\/div><\/div><div class=\"vc_gitem-zone vc_gitem-zone-b vc_custom_1487764318086 vc-gitem-zone-height-mode-auto vc_gitem-is-link\"><a href=\"#\" title=\"\" target=\"\" class=\"vc_gitem-link vc-zone-link\"><\/a><div class=\"vc_gitem-zone-mini\"><\/div><\/div><\/div><div class=\"vc_gitem-zone vc_gitem-zone-c vc_custom_1487765655729\"><div class=\"vc_gitem-zone-mini\"><div class=\"vc_gitem_row vc_row vc_gitem-row-position-top\"><div class=\"vc_col-sm-12 vc_gitem-col vc_gitem-col-align- vc_custom_1487765591353\"><div class=\"vc_custom_heading vc_custom_1487765918758 vc_gitem-post-data vc_gitem-post-data-source-post_title\" ><p style=\"font-size: 16px;color: #000000;line-height: 23px;text-align: left;font-family:Montserrat;font-weight:700;font-style:normal\" >Seguimiento en Calasanz Virtual<\/p><\/div><div class=\"vc_custom_heading vc_gitem-post-data vc_gitem-post-data-source-post_excerpt\" ><p style=\"text-align: left\" ><p>Seguimiento en Calasanz Virtual Si no puede ver el video, haga clic aqu\u00ed.<\/p>\n<\/p><\/div><\/div><\/div><\/div><\/div><\/div><div class=\"vc_clearfix\"><\/div><\/div><div class=\"vc_grid-item vc_clearfix vc_col-sm-4 vc_grid-item-zone-c-bottom\"><div class=\"vc_grid-item-mini vc_clearfix \"><div class=\"vc_gitem-animated-block  vc_gitem-animate vc_gitem-animate-scaleRotateIn\"  data-vc-animation=\"scaleRotateIn\"><div class=\"vc_gitem-zone vc_gitem-zone-a vc_custom_1487765550898 vc_gitem-is-link\" style=\"background-image: url('https:\/\/leon.colegiocalasanz.edu.ni\/wp-content\/uploads\/2022\/09\/seo_google_youtube-693x419.jpeg') !important;\"><a href=\"https:\/\/leon.colegiocalasanz.edu.ni\/wp-content\/uploads\/2022\/09\/seo_google_youtube-693x419.jpeg\" title=\"Entrar a Calasanz Virtual\"  data-lightbox=\"lightbox[rel-3120-375795068]\" data-vc-gitem-zone=\"prettyphotoLink\" class=\"vc_gitem-link prettyphoto vc-zone-link vc-prettyphoto-link\" ><\/a><img decoding=\"async\" src=\"https:\/\/leon.colegiocalasanz.edu.ni\/wp-content\/uploads\/2022\/09\/seo_google_youtube-693x419.jpeg\" class=\"vc_gitem-zone-img\" alt=\"Entrar a Calasanz Virtual\"><div class=\"vc_gitem-zone-mini\"><\/div><\/div><div class=\"vc_gitem-zone vc_gitem-zone-b vc_custom_1487764318086 vc-gitem-zone-height-mode-auto vc_gitem-is-link\"><a href=\"#\" title=\"\" target=\"\" class=\"vc_gitem-link vc-zone-link\"><\/a><div class=\"vc_gitem-zone-mini\"><\/div><\/div><\/div><div class=\"vc_gitem-zone vc_gitem-zone-c vc_custom_1487765655729\"><div class=\"vc_gitem-zone-mini\"><div class=\"vc_gitem_row vc_row vc_gitem-row-position-top\"><div class=\"vc_col-sm-12 vc_gitem-col vc_gitem-col-align- vc_custom_1487765591353\"><div class=\"vc_custom_heading vc_custom_1487765918758 vc_gitem-post-data vc_gitem-post-data-source-post_title\" ><p style=\"font-size: 16px;color: #000000;line-height: 23px;text-align: left;font-family:Montserrat;font-weight:700;font-style:normal\" >Entrar a Calasanz Virtual<\/p><\/div><div class=\"vc_custom_heading vc_gitem-post-data vc_gitem-post-data-source-post_excerpt\" ><p style=\"text-align: left\" ><p>Entrar a Calasanz Virtual Si no puede ver el video, haga clic aqu\u00ed.<\/p>\n<\/p><\/div><\/div><\/div><\/div><\/div><\/div><div class=\"vc_clearfix\"><\/div><\/div><div class=\"vc_grid-item vc_clearfix vc_col-sm-4 vc_grid-item-zone-c-bottom\"><div class=\"vc_grid-item-mini vc_clearfix \"><div class=\"vc_gitem-animated-block  vc_gitem-animate vc_gitem-animate-scaleRotateIn\"  data-vc-animation=\"scaleRotateIn\"><div class=\"vc_gitem-zone vc_gitem-zone-a vc_custom_1487765550898 vc_gitem-is-link\" style=\"background-image: url('https:\/\/leon.colegiocalasanz.edu.ni\/wp-content\/uploads\/2022\/09\/seo_google_youtube-693x419.jpeg') !important;\"><a href=\"https:\/\/leon.colegiocalasanz.edu.ni\/wp-content\/uploads\/2022\/09\/seo_google_youtube-693x419.jpeg\" title=\"Saltar la sala de espera en Zoom\ufffc\ufffc\"  data-lightbox=\"lightbox[rel-3120-375795068]\" data-vc-gitem-zone=\"prettyphotoLink\" class=\"vc_gitem-link prettyphoto vc-zone-link vc-prettyphoto-link\" ><\/a><img decoding=\"async\" src=\"https:\/\/leon.colegiocalasanz.edu.ni\/wp-content\/uploads\/2022\/09\/seo_google_youtube-693x419.jpeg\" class=\"vc_gitem-zone-img\" alt=\"Saltar la sala de espera en Zoom\ufffc\ufffc\"><div class=\"vc_gitem-zone-mini\"><\/div><\/div><div class=\"vc_gitem-zone vc_gitem-zone-b vc_custom_1487764318086 vc-gitem-zone-height-mode-auto vc_gitem-is-link\"><a href=\"#\" title=\"\" target=\"\" class=\"vc_gitem-link vc-zone-link\"><\/a><div class=\"vc_gitem-zone-mini\"><\/div><\/div><\/div><div class=\"vc_gitem-zone vc_gitem-zone-c vc_custom_1487765655729\"><div class=\"vc_gitem-zone-mini\"><div class=\"vc_gitem_row vc_row vc_gitem-row-position-top\"><div class=\"vc_col-sm-12 vc_gitem-col vc_gitem-col-align- vc_custom_1487765591353\"><div class=\"vc_custom_heading vc_custom_1487765918758 vc_gitem-post-data vc_gitem-post-data-source-post_title\" ><p style=\"font-size: 16px;color: #000000;line-height: 23px;text-align: left;font-family:Montserrat;font-weight:700;font-style:normal\" >Saltar la sala de espera en Zoom\ufffc\ufffc<\/p><\/div><div class=\"vc_custom_heading vc_gitem-post-data vc_gitem-post-data-source-post_excerpt\" ><p style=\"text-align: left\" ><p>Saltar la sala de espera en Zoom<\/p>\n<\/p><\/div><\/div><\/div><\/div><\/div><\/div><div class=\"vc_clearfix\"><\/div><\/div><div class=\"vc_grid-item vc_clearfix vc_col-sm-4 vc_grid-item-zone-c-bottom\"><div class=\"vc_grid-item-mini vc_clearfix \"><div class=\"vc_gitem-animated-block  vc_gitem-animate vc_gitem-animate-scaleRotateIn\"  data-vc-animation=\"scaleRotateIn\"><div class=\"vc_gitem-zone vc_gitem-zone-a vc_custom_1487765550898 vc_gitem-is-link\" style=\"background-image: url('https:\/\/leon.colegiocalasanz.edu.ni\/wp-content\/uploads\/2022\/09\/seo_google_youtube-693x419.jpeg') !important;\"><a href=\"https:\/\/leon.colegiocalasanz.edu.ni\/wp-content\/uploads\/2022\/09\/seo_google_youtube-693x419.jpeg\" title=\"Activar Zoom Institucional\"  data-lightbox=\"lightbox[rel-3120-375795068]\" data-vc-gitem-zone=\"prettyphotoLink\" class=\"vc_gitem-link prettyphoto vc-zone-link vc-prettyphoto-link\" ><\/a><img decoding=\"async\" src=\"https:\/\/leon.colegiocalasanz.edu.ni\/wp-content\/uploads\/2022\/09\/seo_google_youtube-693x419.jpeg\" class=\"vc_gitem-zone-img\" alt=\"Activar Zoom Institucional\"><div class=\"vc_gitem-zone-mini\"><\/div><\/div><div class=\"vc_gitem-zone vc_gitem-zone-b vc_custom_1487764318086 vc-gitem-zone-height-mode-auto vc_gitem-is-link\"><a href=\"#\" title=\"\" target=\"\" class=\"vc_gitem-link vc-zone-link\"><\/a><div class=\"vc_gitem-zone-mini\"><\/div><\/div><\/div><div class=\"vc_gitem-zone vc_gitem-zone-c vc_custom_1487765655729\"><div class=\"vc_gitem-zone-mini\"><div class=\"vc_gitem_row vc_row vc_gitem-row-position-top\"><div class=\"vc_col-sm-12 vc_gitem-col vc_gitem-col-align- vc_custom_1487765591353\"><div class=\"vc_custom_heading vc_custom_1487765918758 vc_gitem-post-data vc_gitem-post-data-source-post_title\" ><p style=\"font-size: 16px;color: #000000;line-height: 23px;text-align: left;font-family:Montserrat;font-weight:700;font-style:normal\" >Activar Zoom Institucional<\/p><\/div><div class=\"vc_custom_heading vc_gitem-post-data vc_gitem-post-data-source-post_excerpt\" ><p style=\"text-align: left\" ><p>Activar Zoom Institucional<\/p>\n<\/p><\/div><\/div><\/div><\/div><\/div><\/div><div class=\"vc_clearfix\"><\/div><\/div><div class=\"vc_grid-item vc_clearfix vc_col-sm-4 vc_grid-item-zone-c-bottom\"><div class=\"vc_grid-item-mini vc_clearfix \"><div class=\"vc_gitem-animated-block  vc_gitem-animate vc_gitem-animate-scaleRotateIn\"  data-vc-animation=\"scaleRotateIn\"><div class=\"vc_gitem-zone vc_gitem-zone-a vc_custom_1487765550898 vc_gitem-is-link\" style=\"background-image: url('https:\/\/leon.colegiocalasanz.edu.ni\/wp-content\/uploads\/2022\/09\/enlaces-seo-620x310.png') !important;\"><a href=\"https:\/\/leon.colegiocalasanz.edu.ni\/wp-content\/uploads\/2022\/09\/enlaces-seo-620x310.png\" title=\"Formulario de Excusas\"  data-lightbox=\"lightbox[rel-3120-375795068]\" data-vc-gitem-zone=\"prettyphotoLink\" class=\"vc_gitem-link prettyphoto vc-zone-link vc-prettyphoto-link\" ><\/a><img decoding=\"async\" src=\"https:\/\/leon.colegiocalasanz.edu.ni\/wp-content\/uploads\/2022\/09\/enlaces-seo-620x310.png\" class=\"vc_gitem-zone-img\" alt=\"Formulario de Excusas\"><div class=\"vc_gitem-zone-mini\"><\/div><\/div><div class=\"vc_gitem-zone vc_gitem-zone-b vc_custom_1487764318086 vc-gitem-zone-height-mode-auto vc_gitem-is-link\"><a href=\"#\" title=\"\" target=\"\" class=\"vc_gitem-link vc-zone-link\"><\/a><div class=\"vc_gitem-zone-mini\"><\/div><\/div><\/div><div class=\"vc_gitem-zone vc_gitem-zone-c vc_custom_1487765655729\"><div class=\"vc_gitem-zone-mini\"><div class=\"vc_gitem_row vc_row vc_gitem-row-position-top\"><div class=\"vc_col-sm-12 vc_gitem-col vc_gitem-col-align- vc_custom_1487765591353\"><div class=\"vc_custom_heading vc_custom_1487765918758 vc_gitem-post-data vc_gitem-post-data-source-post_title\" ><p style=\"font-size: 16px;color: #000000;line-height: 23px;text-align: left;font-family:Montserrat;font-weight:700;font-style:normal\" >Formulario de Excusas<\/p><\/div><div class=\"vc_custom_heading vc_gitem-post-data vc_gitem-post-data-source-post_excerpt\" ><p style=\"text-align: left\" ><p>Formulario de Excusas En este formulario, las familias podr\u00e1n enviar excusas de sus hijos. https:\/\/forms.gle\/hmHrYMASu21rSPCL9<\/p>\n<\/p><\/div><\/div><\/div><\/div><\/div><\/div><div class=\"vc_clearfix\"><\/div><\/div><div class=\"vc_grid-item vc_clearfix vc_col-sm-4 vc_grid-item-zone-c-bottom\"><div class=\"vc_grid-item-mini vc_clearfix \"><div class=\"vc_gitem-animated-block  vc_gitem-animate vc_gitem-animate-scaleRotateIn\"  data-vc-animation=\"scaleRotateIn\"><div class=\"vc_gitem-zone vc_gitem-zone-a vc_custom_1487765550898 vc_gitem-is-link\" style=\"background-image: url('https:\/\/leon.colegiocalasanz.edu.ni\/wp-content\/uploads\/2022\/09\/seo_google_youtube-693x419.jpeg') !important;\"><a href=\"https:\/\/leon.colegiocalasanz.edu.ni\/wp-content\/uploads\/2022\/09\/seo_google_youtube-693x419.jpeg\" title=\"Activar Office 365\"  data-lightbox=\"lightbox[rel-3120-375795068]\" data-vc-gitem-zone=\"prettyphotoLink\" class=\"vc_gitem-link prettyphoto vc-zone-link vc-prettyphoto-link\" ><\/a><img decoding=\"async\" src=\"https:\/\/leon.colegiocalasanz.edu.ni\/wp-content\/uploads\/2022\/09\/seo_google_youtube-693x419.jpeg\" class=\"vc_gitem-zone-img\" alt=\"Activar Office 365\"><div class=\"vc_gitem-zone-mini\"><\/div><\/div><div class=\"vc_gitem-zone vc_gitem-zone-b vc_custom_1487764318086 vc-gitem-zone-height-mode-auto vc_gitem-is-link\"><a href=\"#\" title=\"\" target=\"\" class=\"vc_gitem-link vc-zone-link\"><\/a><div class=\"vc_gitem-zone-mini\"><\/div><\/div><\/div><div class=\"vc_gitem-zone vc_gitem-zone-c vc_custom_1487765655729\"><div class=\"vc_gitem-zone-mini\"><div class=\"vc_gitem_row vc_row vc_gitem-row-position-top\"><div class=\"vc_col-sm-12 vc_gitem-col vc_gitem-col-align- vc_custom_1487765591353\"><div class=\"vc_custom_heading vc_custom_1487765918758 vc_gitem-post-data vc_gitem-post-data-source-post_title\" ><p style=\"font-size: 16px;color: #000000;line-height: 23px;text-align: left;font-family:Montserrat;font-weight:700;font-style:normal\" >Activar Office 365<\/p><\/div><div class=\"vc_custom_heading vc_gitem-post-data vc_gitem-post-data-source-post_excerpt\" ><p style=\"text-align: left\" ><p>Activar Office 365 Para activar el Office 365 estudiantil, siga los pasos del video: Acceder al video&nbsp;AQU\u00cd.<\/p>\n<\/p><\/div><\/div><\/div><\/div><\/div><\/div><div class=\"vc_clearfix\"><\/div><\/div><div class=\"vc_grid-item vc_clearfix vc_col-sm-4 vc_grid-item-zone-c-bottom\"><div class=\"vc_grid-item-mini vc_clearfix \"><div class=\"vc_gitem-animated-block  vc_gitem-animate vc_gitem-animate-scaleRotateIn\"  data-vc-animation=\"scaleRotateIn\"><div class=\"vc_gitem-zone vc_gitem-zone-a vc_custom_1487765550898 vc_gitem-is-link\" style=\"background-image: url('https:\/\/leon.colegiocalasanz.edu.ni\/wp-content\/uploads\/2022\/09\/seo_google_youtube-693x419.jpeg') !important;\"><a href=\"https:\/\/leon.colegiocalasanz.edu.ni\/wp-content\/uploads\/2022\/09\/seo_google_youtube-693x419.jpeg\" title=\"Enviar una tarea en Calasanz Virtual\"  data-lightbox=\"lightbox[rel-3120-375795068]\" data-vc-gitem-zone=\"prettyphotoLink\" class=\"vc_gitem-link prettyphoto vc-zone-link vc-prettyphoto-link\" ><\/a><img decoding=\"async\" src=\"https:\/\/leon.colegiocalasanz.edu.ni\/wp-content\/uploads\/2022\/09\/seo_google_youtube-693x419.jpeg\" class=\"vc_gitem-zone-img\" alt=\"Enviar una tarea en Calasanz Virtual\"><div class=\"vc_gitem-zone-mini\"><\/div><\/div><div class=\"vc_gitem-zone vc_gitem-zone-b vc_custom_1487764318086 vc-gitem-zone-height-mode-auto vc_gitem-is-link\"><a href=\"#\" title=\"\" target=\"\" class=\"vc_gitem-link vc-zone-link\"><\/a><div class=\"vc_gitem-zone-mini\"><\/div><\/div><\/div><div class=\"vc_gitem-zone vc_gitem-zone-c vc_custom_1487765655729\"><div class=\"vc_gitem-zone-mini\"><div class=\"vc_gitem_row vc_row vc_gitem-row-position-top\"><div class=\"vc_col-sm-12 vc_gitem-col vc_gitem-col-align- vc_custom_1487765591353\"><div class=\"vc_custom_heading vc_custom_1487765918758 vc_gitem-post-data vc_gitem-post-data-source-post_title\" ><p style=\"font-size: 16px;color: #000000;line-height: 23px;text-align: left;font-family:Montserrat;font-weight:700;font-style:normal\" >Enviar una tarea en Calasanz Virtual<\/p><\/div><div class=\"vc_custom_heading vc_gitem-post-data vc_gitem-post-data-source-post_excerpt\" ><p style=\"text-align: left\" ><p>Enviar una tarea en Calasanz Virtual Para enviar una tarea en Calasanz Virtual debe seguir los siguientes pasos: Ir a la tarea en la plataforma. Seleccionar el bot\u00f3n &#8220;Agregar entrega&#8221;. Seleccionar la opci\u00f3n &#8220;Subir un archivo&#8221;. Buscar el archivo en el dispositivo y subirlo. Guardar&nbsp;<a href=\"https:\/\/leon.colegiocalasanz.edu.ni\/?p=2385\">&hellip;<\/a><\/p>\n<\/p><\/div><\/div><\/div><\/div><\/div><\/div><div class=\"vc_clearfix\"><\/div><\/div><div class=\"vc_grid-item vc_clearfix vc_col-sm-4 vc_grid-item-zone-c-bottom\"><div class=\"vc_grid-item-mini vc_clearfix \"><div class=\"vc_gitem-animated-block  vc_gitem-animate vc_gitem-animate-scaleRotateIn\"  data-vc-animation=\"scaleRotateIn\"><div class=\"vc_gitem-zone vc_gitem-zone-a vc_custom_1487765550898 vc_gitem-is-link\" style=\"background-image: url('https:\/\/leon.colegiocalasanz.edu.ni\/wp-content\/uploads\/2022\/04\/god-2012104_1920-1024x683.jpg') !important;\"><a href=\"https:\/\/leon.colegiocalasanz.edu.ni\/wp-content\/uploads\/2022\/04\/god-2012104_1920-1024x683.jpg\" title=\"Celebraciones Lit\u00fargicas Semana Santa 2022\"  data-lightbox=\"lightbox[rel-3120-375795068]\" data-vc-gitem-zone=\"prettyphotoLink\" class=\"vc_gitem-link prettyphoto vc-zone-link vc-prettyphoto-link\" ><\/a><img decoding=\"async\" src=\"https:\/\/leon.colegiocalasanz.edu.ni\/wp-content\/uploads\/2022\/04\/god-2012104_1920-1024x683.jpg\" class=\"vc_gitem-zone-img\" alt=\"Celebraciones Lit\u00fargicas Semana Santa 2022\"><div class=\"vc_gitem-zone-mini\"><\/div><\/div><div class=\"vc_gitem-zone vc_gitem-zone-b vc_custom_1487764318086 vc-gitem-zone-height-mode-auto vc_gitem-is-link\"><a href=\"#\" title=\"\" target=\"\" class=\"vc_gitem-link vc-zone-link\"><\/a><div class=\"vc_gitem-zone-mini\"><\/div><\/div><\/div><div class=\"vc_gitem-zone vc_gitem-zone-c vc_custom_1487765655729\"><div class=\"vc_gitem-zone-mini\"><div class=\"vc_gitem_row vc_row vc_gitem-row-position-top\"><div class=\"vc_col-sm-12 vc_gitem-col vc_gitem-col-align- vc_custom_1487765591353\"><div class=\"vc_custom_heading vc_custom_1487765918758 vc_gitem-post-data vc_gitem-post-data-source-post_title\" ><p style=\"font-size: 16px;color: #000000;line-height: 23px;text-align: left;font-family:Montserrat;font-weight:700;font-style:normal\" >Celebraciones Lit\u00fargicas Semana Santa 2022<\/p><\/div><div class=\"vc_custom_heading vc_gitem-post-data vc_gitem-post-data-source-post_excerpt\" ><p style=\"text-align: left\" ><p>DOMINGO DE RAMOS (10 de abril) 10:30 am Bendici\u00f3n de ramos, procesi\u00f3n y Eucarist\u00eda. JUEVES SANTO: 6:00pm Lavatorio de los pies y Adoraci\u00f3n, monumento. VIERNES SANTO: 3:00pm Adoraci\u00f3n de la Cruz S\u00c1BADO SANTO: 7:00pm Vigilia Pascual (traer vela y agua para ser bendecidas) DOMINGO DE&nbsp;<a href=\"https:\/\/leon.colegiocalasanz.edu.ni\/?p=2286\">&hellip;<\/a><\/p>\n<\/p><\/div><\/div><\/div><\/div><\/div><\/div><div class=\"vc_clearfix\"><\/div><\/div><div class=\"vc_grid-item vc_clearfix vc_col-sm-4 vc_grid-item-zone-c-bottom\"><div class=\"vc_grid-item-mini vc_clearfix \"><div class=\"vc_gitem-animated-block  vc_gitem-animate vc_gitem-animate-scaleRotateIn\"  data-vc-animation=\"scaleRotateIn\"><div class=\"vc_gitem-zone vc_gitem-zone-a vc_custom_1487765550898 vc_gitem-is-link\" style=\"background-image: url('https:\/\/leon.colegiocalasanz.edu.ni\/wp-content\/uploads\/2022\/03\/photo_2022-03-14_20-49-36-2-1024x768.jpg') !important;\"><a href=\"https:\/\/leon.colegiocalasanz.edu.ni\/wp-content\/uploads\/2022\/03\/photo_2022-03-14_20-49-36-2-1024x768.jpg\" title=\"Retiro Equipo Directivo\"  data-lightbox=\"lightbox[rel-3120-375795068]\" data-vc-gitem-zone=\"prettyphotoLink\" class=\"vc_gitem-link prettyphoto vc-zone-link vc-prettyphoto-link\" ><\/a><img decoding=\"async\" src=\"https:\/\/leon.colegiocalasanz.edu.ni\/wp-content\/uploads\/2022\/03\/photo_2022-03-14_20-49-36-2-1024x768.jpg\" class=\"vc_gitem-zone-img\" alt=\"Retiro Equipo Directivo\"><div class=\"vc_gitem-zone-mini\"><\/div><\/div><div class=\"vc_gitem-zone vc_gitem-zone-b vc_custom_1487764318086 vc-gitem-zone-height-mode-auto vc_gitem-is-link\"><a href=\"#\" title=\"\" target=\"\" class=\"vc_gitem-link vc-zone-link\"><\/a><div class=\"vc_gitem-zone-mini\"><\/div><\/div><\/div><div class=\"vc_gitem-zone vc_gitem-zone-c vc_custom_1487765655729\"><div class=\"vc_gitem-zone-mini\"><div class=\"vc_gitem_row vc_row vc_gitem-row-position-top\"><div class=\"vc_col-sm-12 vc_gitem-col vc_gitem-col-align- vc_custom_1487765591353\"><div class=\"vc_custom_heading vc_custom_1487765918758 vc_gitem-post-data vc_gitem-post-data-source-post_title\" ><p style=\"font-size: 16px;color: #000000;line-height: 23px;text-align: left;font-family:Montserrat;font-weight:700;font-style:normal\" >Retiro Equipo Directivo<\/p><\/div><div class=\"vc_custom_heading vc_gitem-post-data vc_gitem-post-data-source-post_excerpt\" ><p style=\"text-align: left\" ><p>Este fin de semana el Equipo Directivo de nuestro colegio ha participado en el retiro \u201cCaminando Juntos\u201d donde convivieron y reflexionaron sobre el trabajo en equipo como hermanos escolapios.<\/p>\n<\/p><\/div><\/div><\/div><\/div><\/div><\/div><div class=\"vc_clearfix\"><\/div><\/div><\/div><\/div>\n\t<\/div>\n<\/div><\/div><\/div><\/div><\/div><div class=\"vc_row wpb_row vc_row-fluid\"><div class=\"wpb_column vc_column_container vc_col-sm-12\"><div class=\"vc_column-inner vc_custom_1490101974992\"><div class=\"wpb_wrapper\">\n\t<div class=\"wpb_text_column wpb_content_element  vc_custom_1491472676173\" >\n\t\t<div class=\"wpb_wrapper\">\n\t\t\t\t<div class='rg-container'>\n\t\t<div class='rg-content'>\n\t\t\t<table class='rg-table'>\n\t\t\t\t<thead>\n\t\t\t\t\t\t\t\t\t<th>Class<\/th>\n\t\t\t\t\t\t\t\t\t<th>Teacher<\/th>\n\t\t\t\t\t\t\t\t\t<th>Day<\/th>\n\t\t\t\t\t\t\t\t<\/thead>\n\t\t\t\t<tbody>\n\t\t\t\t\t<tr class=\"\">\n\t\t\t\t\t\t\t\t<td class=\"column-highlight\"  \n\t\t\t\tdata-title=\"Class\">\n\t\t\t\tArt\t\t\t<\/td>\n\t\t\t\t\t\t\t\t<td class=\"\"  \n\t\t\t\tdata-title=\"Teacher\">\n\t\t\t\tTurner, Hannah\t\t\t<\/td>\n\t\t\t\t\t\t\t\t<td class=\"\"  \n\t\t\t\tdata-title=\"Day\">\n\t\t\t\tMon, Wed, Fri\t\t\t<\/td>\n\t\t\t<\/tr>\n\t\t<tr class=\"\">\n\t\t\t\t\t\t\t\t<td class=\"column-highlight\"  \n\t\t\t\tdata-title=\"Class\">\n\t\t\t\tScience\t\t\t<\/td>\n\t\t\t\t\t\t\t\t<td class=\"\"  \n\t\t\t\tdata-title=\"Teacher\">\n\t\t\t\tMorrisey, Anna\t\t\t<\/td>\n\t\t\t\t\t\t\t\t<td class=\"\"  \n\t\t\t\tdata-title=\"Day\">\n\t\t\t\tSat, Sun\t\t\t<\/td>\n\t\t\t<\/tr>\n\t\t<tr class=\"\">\n\t\t\t\t\t\t\t\t<td class=\"column-highlight\"  \n\t\t\t\tdata-title=\"Class\">\n\t\t\t\tAtletics\t\t\t<\/td>\n\t\t\t\t\t\t\t\t<td class=\"\"  \n\t\t\t\tdata-title=\"Teacher\">\n\t\t\t\tTurner, Hannah\t\t\t<\/td>\n\t\t\t\t\t\t\t\t<td class=\"\"  \n\t\t\t\tdata-title=\"Day\">\n\t\t\t\tMon, Wed, Fri\t\t\t<\/td>\n\t\t\t<\/tr>\n\t\t<tr class=\"\">\n\t\t\t\t\t\t\t\t<td class=\"column-highlight\"  \n\t\t\t\tdata-title=\"Class\">\n\t\t\t\tFootball\t\t\t<\/td>\n\t\t\t\t\t\t\t\t<td class=\"\"  \n\t\t\t\tdata-title=\"Teacher\">\n\t\t\t\tEdison, Molley\t\t\t<\/td>\n\t\t\t\t\t\t\t\t<td class=\"\"  \n\t\t\t\tdata-title=\"Day\">\n\t\t\t\tTue, Wed, Fri\t\t\t<\/td>\n\t\t\t<\/tr>\n\t\t<tr class=\"\">\n\t\t\t\t\t\t\t\t<td class=\"column-highlight\"  \n\t\t\t\tdata-title=\"Class\">\n\t\t\t\tMusic\t\t\t<\/td>\n\t\t\t\t\t\t\t\t<td class=\"\"  \n\t\t\t\tdata-title=\"Teacher\">\n\t\t\t\tSmiley, Barney\t\t\t<\/td>\n\t\t\t\t\t\t\t\t<td class=\"\"  \n\t\t\t\tdata-title=\"Day\">\n\t\t\t\tTue, Wed, Thu\t\t\t<\/td>\n\t\t\t<\/tr>\n\t\t<tr class=\"\">\n\t\t\t\t\t\t\t\t<td class=\"column-highlight\"  \n\t\t\t\tdata-title=\"Class\">\n\t\t\t\tArt\t\t\t<\/td>\n\t\t\t\t\t\t\t\t<td class=\"\"  \n\t\t\t\tdata-title=\"Teacher\">\n\t\t\t\tTurner, Hannah\t\t\t<\/td>\n\t\t\t\t\t\t\t\t<td class=\"\"  \n\t\t\t\tdata-title=\"Day\">\n\t\t\t\tMon, Wed, Fri\t\t\t<\/td>\n\t\t\t<\/tr>\n\t\t\t\t\t<\/tbody>\n\t\t\t<\/table>\n\t\t<\/div>\n\t<\/div>\n\t\n\n\t\t<\/div>\n\t<\/div>\n<\/div><\/div><\/div><\/div>\n","protected":false},"excerpt":{"rendered":"Seguimiento en Calasanz VirtualSeguimiento en Calasanz Virtual Si no puede ver el video, haga clic aqu\u00ed. Entrar a Calasanz VirtualEntrar a Calasanz Virtual Si no puede ver el video, haga clic aqu\u00ed. Saltar la sala de espera en Zoom\ufffc\ufffcSaltar la sala de espera en Zoom&nbsp;<a href=\"https:\/\/leon.colegiocalasanz.edu.ni\/?page_id=3120\">&hellip;<\/a>","protected":false},"author":1,"featured_media":0,"parent":3122,"menu_order":0,"comment_status":"closed","ping_status":"closed","template":"template-sidebar-right-childpages.php","meta":{"footnotes":""},"class_list":["post-3120","page","type-page","status-publish","hentry","odd"],"_links":{"self":[{"href":"https:\/\/leon.colegiocalasanz.edu.ni\/index.php?rest_route=\/wp\/v2\/pages\/3120","targetHints":{"allow":["GET"]}}],"collection":[{"href":"https:\/\/leon.colegiocalasanz.edu.ni\/index.php?rest_route=\/wp\/v2\/pages"}],"about":[{"href":"https:\/\/leon.colegiocalasanz.edu.ni\/index.php?rest_route=\/wp\/v2\/types\/page"}],"author":[{"embeddable":true,"href":"https:\/\/leon.colegiocalasanz.edu.ni\/index.php?rest_route=\/wp\/v2\/users\/1"}],"replies":[{"embeddable":true,"href":"https:\/\/leon.colegiocalasanz.edu.ni\/index.php?rest_route=%2Fwp%2Fv2%2Fcomments&post=3120"}],"version-history":[{"count":1,"href":"https:\/\/leon.colegiocalasanz.edu.ni\/index.php?rest_route=\/wp\/v2\/pages\/3120\/revisions"}],"predecessor-version":[{"id":3123,"href":"https:\/\/leon.colegiocalasanz.edu.ni\/index.php?rest_route=\/wp\/v2\/pages\/3120\/revisions\/3123"}],"up":[{"embeddable":true,"href":"https:\/\/leon.colegiocalasanz.edu.ni\/index.php?rest_route=\/wp\/v2\/pages\/3122"}],"wp:attachment":[{"href":"https:\/\/leon.colegiocalasanz.edu.ni\/index.php?rest_route=%2Fwp%2Fv2%2Fmedia&parent=3120"}],"curies":[{"name":"wp","href":"https:\/\/api.w.org\/{rel}","templated":true}]}}