{"id":3337,"date":"2024-04-04T15:12:01","date_gmt":"2024-04-04T19:12:01","guid":{"rendered":"https:\/\/leon.colegiocalasanz.edu.ni\/?page_id=3337"},"modified":"2024-04-05T12:18:18","modified_gmt":"2024-04-05T16:18:18","slug":"vision","status":"publish","type":"page","link":"https:\/\/leon.colegiocalasanz.edu.ni\/?page_id=3337","title":{"rendered":"Visi\u00f3n"},"content":{"rendered":"\t\t<div data-elementor-type=\"wp-page\" data-elementor-id=\"3337\" class=\"elementor elementor-3337\">\n\t\t\t\t\t\t\t\t\t<section class=\"elementor-section elementor-top-section elementor-element elementor-element-b666cf5 elementor-section-boxed elementor-section-height-default elementor-section-height-default\" data-id=\"b666cf5\" data-element_type=\"section\">\n\t\t\t\t\t\t<div class=\"elementor-container elementor-column-gap-default\">\n\t\t\t\t\t<div class=\"elementor-column elementor-col-100 elementor-top-column elementor-element elementor-element-9f87d42\" data-id=\"9f87d42\" data-element_type=\"column\">\n\t\t\t<div class=\"elementor-widget-wrap\">\n\t\t\t\t\t\t\t\t\t<\/div>\n\t\t<\/div>\n\t\t\t\t\t\t\t<\/div>\n\t\t<\/section>\n\t\t\t\t<section class=\"elementor-section elementor-top-section elementor-element elementor-element-5404377 elementor-section-boxed elementor-section-height-default elementor-section-height-default\" data-id=\"5404377\" data-element_type=\"section\">\n\t\t\t\t\t\t<div class=\"elementor-container elementor-column-gap-default\">\n\t\t\t\t\t<div class=\"elementor-column elementor-col-100 elementor-top-column elementor-element elementor-element-edfc212\" data-id=\"edfc212\" data-element_type=\"column\">\n\t\t\t<div class=\"elementor-widget-wrap\">\n\t\t\t\t\t\t\t\t\t<\/div>\n\t\t<\/div>\n\t\t\t\t\t\t\t<\/div>\n\t\t<\/section>\n\t\t\t\t<section class=\"elementor-section elementor-top-section elementor-element elementor-element-5a09824 elementor-section-boxed elementor-section-height-default elementor-section-height-default\" data-id=\"5a09824\" data-element_type=\"section\" data-settings=\"{&quot;background_background&quot;:&quot;classic&quot;}\">\n\t\t\t\t\t\t<div class=\"elementor-container elementor-column-gap-default\">\n\t\t\t\t\t<div class=\"elementor-column elementor-col-50 elementor-top-column elementor-element elementor-element-364bd26 elementor-invisible\" data-id=\"364bd26\" data-element_type=\"column\" data-settings=\"{&quot;animation&quot;:&quot;fadeIn&quot;,&quot;animation_delay&quot;:100}\">\n\t\t\t<div class=\"elementor-widget-wrap\">\n\t\t\t\t\t\t\t\t\t<\/div>\n\t\t<\/div>\n\t\t\t\t<div class=\"elementor-column elementor-col-50 elementor-top-column elementor-element elementor-element-71fb60c\" data-id=\"71fb60c\" data-element_type=\"column\">\n\t\t\t<div class=\"elementor-widget-wrap elementor-element-populated\">\n\t\t\t\t\t\t\t\t<div class=\"elementor-element elementor-element-27ebcf5 elementor-widget elementor-widget-heading\" data-id=\"27ebcf5\" data-element_type=\"widget\" data-widget_type=\"heading.default\">\n\t\t\t\t<div class=\"elementor-widget-container\">\n\t\t\t<h2 class=\"elementor-heading-title elementor-size-default\">Misi\u00f3n<\/h2>\t\t<\/div>\n\t\t\t\t<\/div>\n\t\t\t\t<div class=\"elementor-element elementor-element-6aaeeec elementor-widget__width-initial elementor-widget elementor-widget-heading\" data-id=\"6aaeeec\" data-element_type=\"widget\" data-widget_type=\"heading.default\">\n\t\t\t\t<div class=\"elementor-widget-container\">\n\t\t\t<h4 class=\"elementor-heading-title elementor-size-medium\">Somos el Colegio Calasanz de Le\u00f3n, una instituci\u00f3n educativa con identidad cat\u00f3lica y calasancia. Asumimos el ideario y el proyecto educativo propio de la orden de las Escuelas P\u00edas, fundada por San Jos\u00e9 de Calasanz en el siglo XVII. Inculcamos en nuestros alumnos una s\u00f3lida formaci\u00f3n humanista, cient\u00edfica, tecnol\u00f3gica y cristiana.\nQUEREMOS: Servir de mediaci\u00f3n para construir una sociedad m\u00e1s justa, solidaria, progresista y apegada a los m\u00e1s genuinos valores cristianos, por medio de una esmerada y continua formaci\u00f3n y promoci\u00f3n integral de la persona, a trav\u00e9s de la educaci\u00f3n, para de esta manera poder evangelizar educando.\nCONTAMOS: con la participaci\u00f3n de todos los miembros de nuestra Comunidad Educativa Calasancia para poder hacer realidad nuestra misi\u00f3n, los religiosos escolapios, el personal docente, administrativo y de apoyo, nuestros alumnos, los padres de nuestros alumnos organizados como delegados de curso en comuni\u00f3n con la Asociaci\u00f3n de Padres, Madres y Educadores del Colegio, nuestros ex alumnos y tambi\u00e9n los estamentos m\u00e1s importantes de la sociedad civil y eclesial, que puedan apoyarnos en nuestro prop\u00f3sito de hacer realidad nuestro proyecto educativo y pastoral. Contamos tambi\u00e9n con la tradici\u00f3n pedag\u00f3gica de la Orden de las Escuelas P\u00edas como parte de la Provincia de las Escuelas P\u00edas de Centroam\u00e9rica y Caribe, estamos afiliados a la FENEC, Federaci\u00f3n Nicarag\u00fcense de Educaci\u00f3n Cat\u00f3lica. Contamos, adem\u00e1s, con una excelente planta f\u00edsica, con amplias \u00e1reas verdes, Cancha de f\u00fatbol y de b\u00e9isbol, piscina, auditorio, Centro Cultural Calasanz y dem\u00e1s facilidades.\n<\/h4>\t\t<\/div>\n\t\t\t\t<\/div>\n\t\t\t\t\t<\/div>\n\t\t<\/div>\n\t\t\t\t\t\t\t<\/div>\n\t\t<\/section>\n\t\t\t\t<section class=\"elementor-section elementor-top-section elementor-element elementor-element-54067fa elementor-section-boxed elementor-section-height-default elementor-section-height-default\" data-id=\"54067fa\" data-element_type=\"section\" data-settings=\"{&quot;background_background&quot;:&quot;classic&quot;}\">\n\t\t\t\t\t\t<div class=\"elementor-container elementor-column-gap-default\">\n\t\t\t\t\t<div class=\"elementor-column elementor-col-50 elementor-top-column elementor-element elementor-element-5ce18bc\" data-id=\"5ce18bc\" data-element_type=\"column\">\n\t\t\t<div class=\"elementor-widget-wrap\">\n\t\t\t\t\t\t\t\t\t<\/div>\n\t\t<\/div>\n\t\t\t\t<div class=\"elementor-column elementor-col-50 elementor-top-column elementor-element elementor-element-edb64dc\" data-id=\"edb64dc\" data-element_type=\"column\">\n\t\t\t<div class=\"elementor-widget-wrap elementor-element-populated\">\n\t\t\t\t\t\t\t\t<div class=\"elementor-element elementor-element-cee406f elementor-widget elementor-widget-heading\" data-id=\"cee406f\" data-element_type=\"widget\" data-widget_type=\"heading.default\">\n\t\t\t\t<div class=\"elementor-widget-container\">\n\t\t\t<h2 class=\"elementor-heading-title elementor-size-default\">Visi\u00f3n<\/h2>\t\t<\/div>\n\t\t\t\t<\/div>\n\t\t\t\t<div class=\"elementor-element elementor-element-21f1540 elementor-widget__width-initial elementor-widget elementor-widget-heading\" data-id=\"21f1540\" data-element_type=\"widget\" data-widget_type=\"heading.default\">\n\t\t\t\t<div class=\"elementor-widget-container\">\n\t\t\t<h4 class=\"elementor-heading-title elementor-size-medium\">Consolidarnos como la instituci\u00f3n educativa cat\u00f3lica de mayor prestigio y calidad de la regi\u00f3n, que al mismo tiempo sirva como modelo de innovaci\u00f3n y referente en la formaci\u00f3n integral de nuestros alumnos, respondiendo as\u00ed, en todo momento, a los retos y desaf\u00edos de nuestra realidad actual.\nAspiramos a ser percibidos como un lugar de referencia eclesial educativa y cultural. Abierto a todos, particularmente a la poblaci\u00f3n m\u00e1s vulnerable, del que salgan j\u00f3venes responsables con s\u00f3lidos conocimientos y valores cristianos que le permitan ser personas activas y comprometidas en la construcci\u00f3n de una sociedad m\u00e1s justa y solidaria.<\/h4>\t\t<\/div>\n\t\t\t\t<\/div>\n\t\t\t\t\t<\/div>\n\t\t<\/div>\n\t\t\t\t\t\t\t<\/div>\n\t\t<\/section>\n\t\t\t\t<section class=\"elementor-section elementor-top-section elementor-element elementor-element-06ac45a elementor-section-boxed elementor-section-height-default elementor-section-height-default\" data-id=\"06ac45a\" data-element_type=\"section\" data-settings=\"{&quot;background_background&quot;:&quot;classic&quot;}\">\n\t\t\t\t\t\t<div class=\"elementor-container elementor-column-gap-default\">\n\t\t\t\t\t<div class=\"elementor-column elementor-col-50 elementor-top-column elementor-element elementor-element-0b502f6\" data-id=\"0b502f6\" data-element_type=\"column\">\n\t\t\t<div class=\"elementor-widget-wrap\">\n\t\t\t\t\t\t\t\t\t<\/div>\n\t\t<\/div>\n\t\t\t\t<div class=\"elementor-column elementor-col-50 elementor-top-column elementor-element elementor-element-2539785\" data-id=\"2539785\" data-element_type=\"column\">\n\t\t\t<div class=\"elementor-widget-wrap elementor-element-populated\">\n\t\t\t\t\t\t\t\t<div class=\"elementor-element elementor-element-55e98ef elementor-widget elementor-widget-heading\" data-id=\"55e98ef\" data-element_type=\"widget\" data-widget_type=\"heading.default\">\n\t\t\t\t<div class=\"elementor-widget-container\">\n\t\t\t<h2 class=\"elementor-heading-title elementor-size-default\">Valores<\/h2>\t\t<\/div>\n\t\t\t\t<\/div>\n\t\t\t\t<div class=\"elementor-element elementor-element-ca6a537 elementor-widget__width-initial elementor-widget elementor-widget-heading\" data-id=\"ca6a537\" data-element_type=\"widget\" data-widget_type=\"heading.default\">\n\t\t\t\t<div class=\"elementor-widget-container\">\n\t\t\t<h4 class=\"elementor-heading-title elementor-size-medium\">Los valores son la fuerza en la que se apoyan los miembros de la Comunidad Educativa Calasancia para desarrollar la misi\u00f3n y llegar a lograr nuestra visi\u00f3n.\nCentralidad en la persona de Jesucristo.\nDignidad de la persona humana.\nComuni\u00f3n y participaci\u00f3n.\nJusticia\nSolidaridad\nLibertad\nCalidad e innovaci\u00f3n desde nuestra identidad calasancia.\nCaridad\nRespeto y tolerancia ante las diferencias.\nLibertad de conciencia y sentido cr\u00edtico.\nEsperanza desde la convicci\u00f3n de la acci\u00f3n de Dios en el mundo.\nAmor a la Patria.\nRespeto y cuidado de la Casa Com\u00fan.\nAmor y aprecio por nuestra identidad y cultura nicarag\u00fcense.\n \nLEMA:\n\u201cPiedad y Letras\u201d\nLa frase \u201cPiedad y Letras\u201d, lema de la orden, orienta la misi\u00f3n del colegio en la oferta de una educaci\u00f3n integral que pretende armonizar el saber cient\u00edfico y human\u00edstico con una visi\u00f3n cristiana de la existencia.\n<\/h4>\t\t<\/div>\n\t\t\t\t<\/div>\n\t\t\t\t\t<\/div>\n\t\t<\/div>\n\t\t\t\t\t\t\t<\/div>\n\t\t<\/section>\n\t\t\t\t<section class=\"elementor-section elementor-top-section elementor-element elementor-element-5c38e8e elementor-section-boxed elementor-section-height-default elementor-section-height-default\" data-id=\"5c38e8e\" data-element_type=\"section\">\n\t\t\t\t\t\t<div class=\"elementor-container elementor-column-gap-default\">\n\t\t\t\t\t<div class=\"elementor-column elementor-col-100 elementor-top-column elementor-element elementor-element-f4f3eb9\" data-id=\"f4f3eb9\" data-element_type=\"column\">\n\t\t\t<div class=\"elementor-widget-wrap elementor-element-populated\">\n\t\t\t\t\t\t\t\t\t<\/div>\n\t\t<\/div>\n\t\t\t\t\t\t\t<\/div>\n\t\t<\/section>\n\t\t\t\t<section class=\"elementor-section elementor-top-section elementor-element elementor-element-ba46fe6 elementor-section-boxed elementor-section-height-default elementor-section-height-default\" data-id=\"ba46fe6\" data-element_type=\"section\">\n\t\t\t\t\t\t<div class=\"elementor-container elementor-column-gap-default\">\n\t\t\t\t\t<div class=\"elementor-column elementor-col-100 elementor-top-column elementor-element elementor-element-f005722\" data-id=\"f005722\" data-element_type=\"column\">\n\t\t\t<div class=\"elementor-widget-wrap elementor-element-populated\">\n\t\t\t\t\t\t\t\t\t<\/div>\n\t\t<\/div>\n\t\t\t\t\t\t\t<\/div>\n\t\t<\/section>\n\t\t\t\t<section class=\"elementor-section elementor-top-section elementor-element elementor-element-64fa9ad elementor-section-boxed elementor-section-height-default elementor-section-height-default\" data-id=\"64fa9ad\" data-element_type=\"section\">\n\t\t\t\t\t\t<div class=\"elementor-container elementor-column-gap-default\">\n\t\t\t\t\t<div class=\"elementor-column elementor-col-100 elementor-top-column elementor-element elementor-element-534f8c2\" data-id=\"534f8c2\" data-element_type=\"column\">\n\t\t\t<div class=\"elementor-widget-wrap\">\n\t\t\t\t\t\t\t\t\t<\/div>\n\t\t<\/div>\n\t\t\t\t\t\t\t<\/div>\n\t\t<\/section>\n\t\t\t\t\t\t\t<\/div>\n\t\t","protected":false},"excerpt":{"rendered":"<p>Misi\u00f3n Somos el Colegio Calasanz de Le\u00f3n, una instituci\u00f3n educativa con identidad cat\u00f3lica y calasancia. Asumimos el ideario y el proyecto educativo propio de la orden de las Escuelas P\u00edas, fundada por San Jos\u00e9 de Calasanz en el siglo XVII. Inculcamos en nuestros alumnos una&nbsp;<a href=\"https:\/\/leon.colegiocalasanz.edu.ni\/?page_id=3337\">&hellip;<\/a><\/p>\n","protected":false},"author":5,"featured_media":0,"parent":378,"menu_order":0,"comment_status":"closed","ping_status":"closed","template":"template-sidebar-right-childpages.php","meta":{"footnotes":""},"class_list":["post-3337","page","type-page","status-publish","hentry","odd"],"_links":{"self":[{"href":"https:\/\/leon.colegiocalasanz.edu.ni\/index.php?rest_route=\/wp\/v2\/pages\/3337","targetHints":{"allow":["GET"]}}],"collection":[{"href":"https:\/\/leon.colegiocalasanz.edu.ni\/index.php?rest_route=\/wp\/v2\/pages"}],"about":[{"href":"https:\/\/leon.colegiocalasanz.edu.ni\/index.php?rest_route=\/wp\/v2\/types\/page"}],"author":[{"embeddable":true,"href":"https:\/\/leon.colegiocalasanz.edu.ni\/index.php?rest_route=\/wp\/v2\/users\/5"}],"replies":[{"embeddable":true,"href":"https:\/\/leon.colegiocalasanz.edu.ni\/index.php?rest_route=%2Fwp%2Fv2%2Fcomments&post=3337"}],"version-history":[{"count":19,"href":"https:\/\/leon.colegiocalasanz.edu.ni\/index.php?rest_route=\/wp\/v2\/pages\/3337\/revisions"}],"predecessor-version":[{"id":3376,"href":"https:\/\/leon.colegiocalasanz.edu.ni\/index.php?rest_route=\/wp\/v2\/pages\/3337\/revisions\/3376"}],"up":[{"embeddable":true,"href":"https:\/\/leon.colegiocalasanz.edu.ni\/index.php?rest_route=\/wp\/v2\/pages\/378"}],"wp:attachment":[{"href":"https:\/\/leon.colegiocalasanz.edu.ni\/index.php?rest_route=%2Fwp%2Fv2%2Fmedia&parent=3337"}],"curies":[{"name":"wp","href":"https:\/\/api.w.org\/{rel}","templated":true}]}}