{"id":3620,"date":"2024-04-23T13:06:53","date_gmt":"2024-04-23T17:06:53","guid":{"rendered":"https:\/\/leon.colegiocalasanz.edu.ni\/?page_id=3620"},"modified":"2024-05-08T15:52:28","modified_gmt":"2024-05-08T19:52:28","slug":"testimonios-ex-calasancios","status":"publish","type":"page","link":"https:\/\/leon.colegiocalasanz.edu.ni\/?page_id=3620","title":{"rendered":"Testimonios Ex Calasancios"},"content":{"rendered":"\t\t<div data-elementor-type=\"wp-post\" data-elementor-id=\"3620\" class=\"elementor elementor-3620\">\n\t\t\t\t\t\t\t\t\t<section class=\"elementor-section elementor-top-section elementor-element elementor-element-dbc0b99 elementor-section-boxed elementor-section-height-default elementor-section-height-default\" data-id=\"dbc0b99\" data-element_type=\"section\">\n\t\t\t\t\t\t<div class=\"elementor-container elementor-column-gap-default\">\n\t\t\t\t\t<div class=\"elementor-column elementor-col-100 elementor-top-column elementor-element elementor-element-813c2ba\" data-id=\"813c2ba\" data-element_type=\"column\">\n\t\t\t<div class=\"elementor-widget-wrap elementor-element-populated\">\n\t\t\t\t\t\t\t\t<div class=\"elementor-element elementor-element-cfb47f1 elementor-widget-divider--separator-type-pattern elementor-widget-divider--no-spacing elementor-widget-divider--view-line elementor-widget elementor-widget-divider\" data-id=\"cfb47f1\" data-element_type=\"widget\" data-widget_type=\"divider.default\">\n\t\t\t\t<div class=\"elementor-widget-container\">\n\t\t\t\t\t<div class=\"elementor-divider\" style=\"--divider-pattern-url: url(&quot;data:image\/svg+xml,%3Csvg xmlns=&#039;http:\/\/www.w3.org\/2000\/svg&#039; preserveAspectRatio=&#039;none&#039; overflow=&#039;visible&#039; height=&#039;100%&#039; viewBox=&#039;0 0 24 24&#039; fill=&#039;black&#039; stroke=&#039;none&#039;%3E%3Cpath d=&#039;M24,8v12H0V8H24z M24,4v1H0V4H24z&#039;\/%3E%3C\/svg%3E&quot;);\">\n\t\t\t<span class=\"elementor-divider-separator\">\n\t\t\t\t\t\t<\/span>\n\t\t<\/div>\n\t\t\t\t<\/div>\n\t\t\t\t<\/div>\n\t\t\t\t\t<\/div>\n\t\t<\/div>\n\t\t\t\t\t\t\t<\/div>\n\t\t<\/section>\n\t\t\t\t<section class=\"elementor-section elementor-top-section elementor-element elementor-element-c835370 elementor-section-boxed elementor-section-height-default elementor-section-height-default\" data-id=\"c835370\" data-element_type=\"section\">\n\t\t\t\t\t\t<div class=\"elementor-container elementor-column-gap-default\">\n\t\t\t\t\t<div class=\"elementor-column elementor-col-100 elementor-top-column elementor-element elementor-element-55ced56\" data-id=\"55ced56\" data-element_type=\"column\">\n\t\t\t<div class=\"elementor-widget-wrap elementor-element-populated\">\n\t\t\t\t\t\t\t\t<div class=\"elementor-element elementor-element-9b24d85 elementor-widget elementor-widget-image\" data-id=\"9b24d85\" data-element_type=\"widget\" data-widget_type=\"image.default\">\n\t\t\t\t<div class=\"elementor-widget-container\">\n\t\t\t\t\t\t\t\t\t\t\t\t\t\t\t<img loading=\"lazy\" decoding=\"async\" width=\"548\" height=\"224\" src=\"https:\/\/leon.colegiocalasanz.edu.ni\/wp-content\/uploads\/2024\/04\/calasanz-nos-une-548x224.jpg\" class=\"attachment-large size-large wp-image-3640\" alt=\"\" srcset=\"https:\/\/leon.colegiocalasanz.edu.ni\/wp-content\/uploads\/2024\/04\/calasanz-nos-une.jpg 548w, https:\/\/leon.colegiocalasanz.edu.ni\/wp-content\/uploads\/2024\/04\/calasanz-nos-une-300x123.jpg 300w, https:\/\/leon.colegiocalasanz.edu.ni\/wp-content\/uploads\/2024\/04\/calasanz-nos-une-18x7.jpg 18w, https:\/\/leon.colegiocalasanz.edu.ni\/wp-content\/uploads\/2024\/04\/calasanz-nos-une-100x41.jpg 100w, https:\/\/leon.colegiocalasanz.edu.ni\/wp-content\/uploads\/2024\/04\/calasanz-nos-une-150x61.jpg 150w\" sizes=\"auto, (max-width: 548px) 100vw, 548px\" \/>\t\t\t\t\t\t\t\t\t\t\t\t\t\t\t<\/div>\n\t\t\t\t<\/div>\n\t\t\t\t\t<\/div>\n\t\t<\/div>\n\t\t\t\t\t\t\t<\/div>\n\t\t<\/section>\n\t\t\t\t<section class=\"elementor-section elementor-top-section elementor-element elementor-element-8c5a140 elementor-section-boxed elementor-section-height-default elementor-section-height-default\" data-id=\"8c5a140\" data-element_type=\"section\">\n\t\t\t\t\t\t<div class=\"elementor-container elementor-column-gap-default\">\n\t\t\t\t\t<div class=\"elementor-column elementor-col-100 elementor-top-column elementor-element elementor-element-ba16668\" data-id=\"ba16668\" data-element_type=\"column\">\n\t\t\t<div class=\"elementor-widget-wrap elementor-element-populated\">\n\t\t\t\t\t\t\t\t<div class=\"elementor-element elementor-element-36bd6ae elementor-widget-divider--separator-type-pattern elementor-widget-divider--no-spacing elementor-widget-divider--view-line elementor-widget elementor-widget-divider\" data-id=\"36bd6ae\" data-element_type=\"widget\" data-widget_type=\"divider.default\">\n\t\t\t\t<div class=\"elementor-widget-container\">\n\t\t\t\t\t<div class=\"elementor-divider\" style=\"--divider-pattern-url: url(&quot;data:image\/svg+xml,%3Csvg xmlns=&#039;http:\/\/www.w3.org\/2000\/svg&#039; preserveAspectRatio=&#039;none&#039; overflow=&#039;visible&#039; height=&#039;100%&#039; viewBox=&#039;0 0 24 24&#039; fill=&#039;black&#039; stroke=&#039;none&#039;%3E%3Cpath d=&#039;M24,8v12H0V8H24z M24,4v1H0V4H24z&#039;\/%3E%3C\/svg%3E&quot;);\">\n\t\t\t<span class=\"elementor-divider-separator\">\n\t\t\t\t\t\t<\/span>\n\t\t<\/div>\n\t\t\t\t<\/div>\n\t\t\t\t<\/div>\n\t\t\t\t\t<\/div>\n\t\t<\/div>\n\t\t\t\t\t\t\t<\/div>\n\t\t<\/section>\n\t\t\t\t<section class=\"elementor-section elementor-top-section elementor-element elementor-element-1a1a747 elementor-section-boxed elementor-section-height-default elementor-section-height-default\" data-id=\"1a1a747\" data-element_type=\"section\">\n\t\t\t\t\t\t<div class=\"elementor-container elementor-column-gap-default\">\n\t\t\t\t\t<div class=\"elementor-column elementor-col-100 elementor-top-column elementor-element elementor-element-d3eec1f\" data-id=\"d3eec1f\" data-element_type=\"column\">\n\t\t\t<div class=\"elementor-widget-wrap elementor-element-populated\">\n\t\t\t\t\t\t\t\t<div class=\"elementor-element elementor-element-0bea9cb elementor-widget elementor-widget-image\" data-id=\"0bea9cb\" data-element_type=\"widget\" data-widget_type=\"image.default\">\n\t\t\t\t<div class=\"elementor-widget-container\">\n\t\t\t\t\t\t\t\t\t\t\t\t\t\t\t<img loading=\"lazy\" decoding=\"async\" width=\"555\" height=\"315\" src=\"https:\/\/leon.colegiocalasanz.edu.ni\/wp-content\/uploads\/2024\/04\/JUNOS-POR-CALASANZ-555x315.jpg\" class=\"attachment-large size-large wp-image-3641\" alt=\"\" srcset=\"https:\/\/leon.colegiocalasanz.edu.ni\/wp-content\/uploads\/2024\/04\/JUNOS-POR-CALASANZ.jpg 555w, https:\/\/leon.colegiocalasanz.edu.ni\/wp-content\/uploads\/2024\/04\/JUNOS-POR-CALASANZ-300x170.jpg 300w, https:\/\/leon.colegiocalasanz.edu.ni\/wp-content\/uploads\/2024\/04\/JUNOS-POR-CALASANZ-18x10.jpg 18w, https:\/\/leon.colegiocalasanz.edu.ni\/wp-content\/uploads\/2024\/04\/JUNOS-POR-CALASANZ-100x57.jpg 100w, https:\/\/leon.colegiocalasanz.edu.ni\/wp-content\/uploads\/2024\/04\/JUNOS-POR-CALASANZ-150x85.jpg 150w\" sizes=\"auto, (max-width: 555px) 100vw, 555px\" \/>\t\t\t\t\t\t\t\t\t\t\t\t\t\t\t<\/div>\n\t\t\t\t<\/div>\n\t\t\t\t\t<\/div>\n\t\t<\/div>\n\t\t\t\t\t\t\t<\/div>\n\t\t<\/section>\n\t\t\t\t<section class=\"elementor-section elementor-top-section elementor-element elementor-element-2c313de0 elementor-section-stretched elementor-section-boxed elementor-section-height-default elementor-section-height-default\" data-id=\"2c313de0\" data-element_type=\"section\" data-settings=\"{&quot;stretch_section&quot;:&quot;section-stretched&quot;}\">\n\t\t\t\t\t\t<div class=\"elementor-container elementor-column-gap-no\">\n\t\t\t\t\t<div class=\"elementor-column elementor-col-100 elementor-top-column elementor-element elementor-element-0562852\" data-id=\"0562852\" data-element_type=\"column\">\n\t\t\t<div class=\"elementor-widget-wrap\">\n\t\t\t\t\t\t\t\t\t<\/div>\n\t\t<\/div>\n\t\t\t\t\t\t\t<\/div>\n\t\t<\/section>\n\t\t\t\t<section class=\"elementor-section elementor-top-section elementor-element elementor-element-b27bfb3 elementor-section-boxed elementor-section-height-default elementor-section-height-default\" data-id=\"b27bfb3\" data-element_type=\"section\">\n\t\t\t\t\t\t<div class=\"elementor-container elementor-column-gap-default\">\n\t\t\t\t\t<div class=\"elementor-column elementor-col-100 elementor-top-column elementor-element elementor-element-419ebdd\" data-id=\"419ebdd\" data-element_type=\"column\" data-settings=\"{&quot;background_background&quot;:&quot;classic&quot;}\">\n\t\t\t<div class=\"elementor-widget-wrap elementor-element-populated\">\n\t\t\t\t\t<div class=\"elementor-background-overlay\"><\/div>\n\t\t\t\t\t\t\t\t<section class=\"elementor-section elementor-inner-section elementor-element elementor-element-8fb94ac elementor-section-boxed elementor-section-height-default elementor-section-height-default\" data-id=\"8fb94ac\" data-element_type=\"section\" data-settings=\"{&quot;background_background&quot;:&quot;classic&quot;}\">\n\t\t\t\t\t\t<div class=\"elementor-container elementor-column-gap-no\">\n\t\t\t\t\t<div class=\"elementor-column elementor-col-100 elementor-inner-column elementor-element elementor-element-f6d5527\" data-id=\"f6d5527\" data-element_type=\"column\" data-settings=\"{&quot;background_background&quot;:&quot;classic&quot;}\">\n\t\t\t<div class=\"elementor-widget-wrap elementor-element-populated\">\n\t\t\t\t\t\t\t\t<div class=\"elementor-element elementor-element-27d14eb elementor-widget__width-initial elementor-widget elementor-widget-heading\" data-id=\"27d14eb\" data-element_type=\"widget\" data-widget_type=\"heading.default\">\n\t\t\t\t<div class=\"elementor-widget-container\">\n\t\t\t<p class=\"elementor-heading-title elementor-size-small\">Arq. Jos\u00e9 Ivan Jim\u00e9nez G\u00e1mez <\/p>\t\t<\/div>\n\t\t\t\t<\/div>\n\t\t\t\t<div class=\"elementor-element elementor-element-9a06e49 elementor-widget elementor-widget-text-editor\" data-id=\"9a06e49\" data-element_type=\"widget\" data-widget_type=\"text-editor.default\">\n\t\t\t\t<div class=\"elementor-widget-container\">\n\t\t\t\t\t\t\t<div id=\"Content\">\n<div class=\"boxed\">\n<div id=\"lipsum\">\n<h3>&nbsp;Mis 11 a\u00f1os en el Calasanz Le\u00f3n, me dejaron m\u00faltiples conocimientos en ciencias, letras, valores y desarrollo de habilidades, que me permitieron desenvolverme con facilidad en la universidad, de los que m\u00e1s me val\u00ed son las expresi\u00f3n oral, escrita y habilidades num\u00e9ricas. El colegio me instruy\u00f3 en ciencias, letras y valores que me ayudaron a ser el profesional que soy, que por ello, le estoy eternamente agradecido.<\/h3>\n<\/div>\n<\/div>\n<\/div>\t\t\t\t\t\t<\/div>\n\t\t\t\t<\/div>\n\t\t\t\t\t<\/div>\n\t\t<\/div>\n\t\t\t\t\t\t\t<\/div>\n\t\t<\/section>\n\t\t\t\t<div class=\"elementor-element elementor-element-6fe46ba elementor-align-center hoverable elementor-widget elementor-widget-button\" data-id=\"6fe46ba\" data-element_type=\"widget\" data-widget_type=\"button.default\">\n\t\t\t\t<div class=\"elementor-widget-container\">\n\t\t\t\t\t<div class=\"elementor-button-wrapper\">\n\t\t\t<a class=\"elementor-button elementor-button-link elementor-size-md\" href=\"#\">\n\t\t\t\t\t\t<span class=\"elementor-button-content-wrapper\">\n\t\t\t\t\t\t<span class=\"elementor-button-text\">Juntos somos Calasanz<\/span>\n\t\t<\/span>\n\t\t\t\t\t<\/a>\n\t\t<\/div>\n\t\t\t\t<\/div>\n\t\t\t\t<\/div>\n\t\t\t\t\t<\/div>\n\t\t<\/div>\n\t\t\t\t\t\t\t<\/div>\n\t\t<\/section>\n\t\t\t\t<section class=\"elementor-section elementor-top-section elementor-element elementor-element-73ef700 elementor-section-stretched elementor-section-boxed elementor-section-height-default elementor-section-height-default\" data-id=\"73ef700\" data-element_type=\"section\" data-settings=\"{&quot;background_background&quot;:&quot;classic&quot;,&quot;stretch_section&quot;:&quot;section-stretched&quot;}\">\n\t\t\t\t\t\t\t<div class=\"elementor-background-overlay\"><\/div>\n\t\t\t\t\t\t\t<div class=\"elementor-container elementor-column-gap-default\">\n\t\t\t\t\t<div class=\"elementor-column elementor-col-100 elementor-top-column elementor-element elementor-element-794fd32e\" data-id=\"794fd32e\" data-element_type=\"column\" data-settings=\"{&quot;background_background&quot;:&quot;classic&quot;}\">\n\t\t\t<div class=\"elementor-widget-wrap elementor-element-populated\">\n\t\t\t\t\t<div class=\"elementor-background-overlay\"><\/div>\n\t\t\t\t\t\t\t\t<div class=\"elementor-element elementor-element-e1fc1ec elementor-widget elementor-widget-image\" data-id=\"e1fc1ec\" data-element_type=\"widget\" data-widget_type=\"image.default\">\n\t\t\t\t<div class=\"elementor-widget-container\">\n\t\t\t\t\t\t\t\t\t\t\t\t\t\t\t<img loading=\"lazy\" decoding=\"async\" width=\"768\" height=\"1024\" src=\"https:\/\/leon.colegiocalasanz.edu.ni\/wp-content\/uploads\/2024\/04\/Jose-Ivan-Jimenez-Gamez-768x1024.jpeg\" class=\"attachment-large size-large wp-image-3623\" alt=\"\" srcset=\"https:\/\/leon.colegiocalasanz.edu.ni\/wp-content\/uploads\/2024\/04\/Jose-Ivan-Jimenez-Gamez-768x1024.jpeg 768w, https:\/\/leon.colegiocalasanz.edu.ni\/wp-content\/uploads\/2024\/04\/Jose-Ivan-Jimenez-Gamez-225x300.jpeg 225w, https:\/\/leon.colegiocalasanz.edu.ni\/wp-content\/uploads\/2024\/04\/Jose-Ivan-Jimenez-Gamez-9x12.jpeg 9w, https:\/\/leon.colegiocalasanz.edu.ni\/wp-content\/uploads\/2024\/04\/Jose-Ivan-Jimenez-Gamez-75x100.jpeg 75w, https:\/\/leon.colegiocalasanz.edu.ni\/wp-content\/uploads\/2024\/04\/Jose-Ivan-Jimenez-Gamez-1152x1536.jpeg 1152w, https:\/\/leon.colegiocalasanz.edu.ni\/wp-content\/uploads\/2024\/04\/Jose-Ivan-Jimenez-Gamez.jpeg 1200w, https:\/\/leon.colegiocalasanz.edu.ni\/wp-content\/uploads\/2024\/04\/Jose-Ivan-Jimenez-Gamez-113x150.jpeg 113w\" sizes=\"auto, (max-width: 768px) 100vw, 768px\" \/>\t\t\t\t\t\t\t\t\t\t\t\t\t\t\t<\/div>\n\t\t\t\t<\/div>\n\t\t\t\t<section class=\"elementor-section elementor-inner-section elementor-element elementor-element-2bc83a5a elementor-section-boxed elementor-section-height-default elementor-section-height-default\" data-id=\"2bc83a5a\" data-element_type=\"section\" data-settings=\"{&quot;background_background&quot;:&quot;classic&quot;}\">\n\t\t\t\t\t\t<div class=\"elementor-container elementor-column-gap-no\">\n\t\t\t\t\t<div class=\"elementor-column elementor-col-100 elementor-inner-column elementor-element elementor-element-2c46e37f\" data-id=\"2c46e37f\" data-element_type=\"column\" data-settings=\"{&quot;background_background&quot;:&quot;classic&quot;}\">\n\t\t\t<div class=\"elementor-widget-wrap elementor-element-populated\">\n\t\t\t\t\t\t\t\t<div class=\"elementor-element elementor-element-21ea500 elementor-widget elementor-widget-heading\" data-id=\"21ea500\" data-element_type=\"widget\" data-widget_type=\"heading.default\">\n\t\t\t\t<div class=\"elementor-widget-container\">\n\t\t\t<h2 class=\"elementor-heading-title elementor-size-default\">Lic. Milena Alejandra Quiroz Delgadillo<\/h2>\t\t<\/div>\n\t\t\t\t<\/div>\n\t\t\t\t<div class=\"elementor-element elementor-element-e35945f elementor-widget elementor-widget-text-editor\" data-id=\"e35945f\" data-element_type=\"widget\" data-widget_type=\"text-editor.default\">\n\t\t\t\t<div class=\"elementor-widget-container\">\n\t\t\t\t\t\t\t<div><div><div><h3>\u00a0El Colegio Calasanz fue part\u00edcipe de mi desarrollo como ser humano; tanto emocional,\u00a0como espiritual.<\/h3><h3>Los mejores a\u00f1os de mi vida pude disfrutarlos cerca de excelentes docentes y un personal excepcional que, con su ense\u00f1anza, contribuy\u00f3 a los prop\u00f3sitos y metas que hoy en d\u00eda estoy alcanzando, todo esto gracias a que ellos me ayudaron a potenciar mis talentos y a descubrir qu\u00e9 tipo de profesional quiero llegar a ser, a lo cual estar\u00e9 eternamente agradecida.<\/h3><\/div><\/div><\/div>\t\t\t\t\t\t<\/div>\n\t\t\t\t<\/div>\n\t\t\t\t<div class=\"elementor-element elementor-element-0cd9a77 elementor-widget elementor-widget-image\" data-id=\"0cd9a77\" data-element_type=\"widget\" data-widget_type=\"image.default\">\n\t\t\t\t<div class=\"elementor-widget-container\">\n\t\t\t\t\t\t\t\t\t\t\t\t\t\t\t<img loading=\"lazy\" decoding=\"async\" width=\"100\" height=\"100\" src=\"https:\/\/leon.colegiocalasanz.edu.ni\/wp-content\/uploads\/2023\/10\/Logo-Calasanz-de-Leon-100-px-100x100.png\" class=\"attachment-large size-large wp-image-3183\" alt=\"\" srcset=\"https:\/\/leon.colegiocalasanz.edu.ni\/wp-content\/uploads\/2023\/10\/Logo-Calasanz-de-Leon-100-px.png 100w, https:\/\/leon.colegiocalasanz.edu.ni\/wp-content\/uploads\/2023\/10\/Logo-Calasanz-de-Leon-100-px-12x12.png 12w\" sizes=\"auto, (max-width: 100px) 100vw, 100px\" \/>\t\t\t\t\t\t\t\t\t\t\t\t\t\t\t<\/div>\n\t\t\t\t<\/div>\n\t\t\t\t\t<\/div>\n\t\t<\/div>\n\t\t\t\t\t\t\t<\/div>\n\t\t<\/section>\n\t\t\t\t<section class=\"elementor-section elementor-inner-section elementor-element elementor-element-6875bec elementor-section-boxed elementor-section-height-default elementor-section-height-default\" data-id=\"6875bec\" data-element_type=\"section\" data-settings=\"{&quot;background_background&quot;:&quot;classic&quot;}\">\n\t\t\t\t\t\t<div class=\"elementor-container elementor-column-gap-no\">\n\t\t\t\t\t<div class=\"elementor-column elementor-col-100 elementor-inner-column elementor-element elementor-element-36d88b1\" data-id=\"36d88b1\" data-element_type=\"column\" data-settings=\"{&quot;background_background&quot;:&quot;classic&quot;}\">\n\t\t\t<div class=\"elementor-widget-wrap elementor-element-populated\">\n\t\t\t\t\t\t\t\t<div class=\"elementor-element elementor-element-f2dd1d5 elementor-widget elementor-widget-heading\" data-id=\"f2dd1d5\" data-element_type=\"widget\" data-widget_type=\"heading.default\">\n\t\t\t\t<div class=\"elementor-widget-container\">\n\t\t\t<h2 class=\"elementor-heading-title elementor-size-default\">Lic. Leonel Baca<\/h2>\t\t<\/div>\n\t\t\t\t<\/div>\n\t\t\t\t<div class=\"elementor-element elementor-element-40f70d0 elementor-widget elementor-widget-text-editor\" data-id=\"40f70d0\" data-element_type=\"widget\" data-widget_type=\"text-editor.default\">\n\t\t\t\t<div class=\"elementor-widget-container\">\n\t\t\t\t\t\t\t<h3><span style=\"color: #000000;\">\u201cMis estudios en el colegio calasanz me transmitieron m\u00e1s all\u00e1 del conocimiento formal, valores indispensables para m\u00ed actual desarrollo personal y profesional, creo que las ense\u00f1anzas transmitidas por los honorables maestros se evidencian en m\u00ed actual desempe\u00f1o como persona para dar siempre lo mejor de m\u00ed con fe, entusiasmo y gran tes\u00f3n.\u201d<\/span><\/h3>\t\t\t\t\t\t<\/div>\n\t\t\t\t<\/div>\n\t\t\t\t<div class=\"elementor-element elementor-element-1c5a035 elementor-widget elementor-widget-image\" data-id=\"1c5a035\" data-element_type=\"widget\" data-widget_type=\"image.default\">\n\t\t\t\t<div class=\"elementor-widget-container\">\n\t\t\t\t\t\t\t\t\t\t\t\t\t\t\t<img loading=\"lazy\" decoding=\"async\" width=\"256\" height=\"265\" src=\"https:\/\/leon.colegiocalasanz.edu.ni\/wp-content\/uploads\/2024\/05\/FOTO-LEONEL-BACA-256x265.jpg\" class=\"attachment-1536x1536 size-1536x1536 wp-image-3825\" alt=\"\" srcset=\"https:\/\/leon.colegiocalasanz.edu.ni\/wp-content\/uploads\/2024\/05\/FOTO-LEONEL-BACA.jpg 256w, https:\/\/leon.colegiocalasanz.edu.ni\/wp-content\/uploads\/2024\/05\/FOTO-LEONEL-BACA-12x12.jpg 12w, https:\/\/leon.colegiocalasanz.edu.ni\/wp-content\/uploads\/2024\/05\/FOTO-LEONEL-BACA-97x100.jpg 97w, https:\/\/leon.colegiocalasanz.edu.ni\/wp-content\/uploads\/2024\/05\/FOTO-LEONEL-BACA-145x150.jpg 145w\" sizes=\"auto, (max-width: 256px) 100vw, 256px\" \/>\t\t\t\t\t\t\t\t\t\t\t\t\t\t\t<\/div>\n\t\t\t\t<\/div>\n\t\t\t\t\t<\/div>\n\t\t<\/div>\n\t\t\t\t\t\t\t<\/div>\n\t\t<\/section>\n\t\t\t\t<section class=\"elementor-section elementor-inner-section elementor-element elementor-element-66bd9a7 elementor-section-boxed elementor-section-height-default elementor-section-height-default\" data-id=\"66bd9a7\" data-element_type=\"section\" data-settings=\"{&quot;background_background&quot;:&quot;classic&quot;}\">\n\t\t\t\t\t\t<div class=\"elementor-container elementor-column-gap-no\">\n\t\t\t\t\t<div class=\"elementor-column elementor-col-100 elementor-inner-column elementor-element elementor-element-42b094c\" data-id=\"42b094c\" data-element_type=\"column\" data-settings=\"{&quot;background_background&quot;:&quot;classic&quot;}\">\n\t\t\t<div class=\"elementor-widget-wrap elementor-element-populated\">\n\t\t\t\t\t\t\t\t<div class=\"elementor-element elementor-element-359b4e2 elementor-widget elementor-widget-heading\" data-id=\"359b4e2\" data-element_type=\"widget\" data-widget_type=\"heading.default\">\n\t\t\t\t<div class=\"elementor-widget-container\">\n\t\t\t<h2 class=\"elementor-heading-title elementor-size-default\">Lic. Alejandra<\/h2>\t\t<\/div>\n\t\t\t\t<\/div>\n\t\t\t\t<div class=\"elementor-element elementor-element-fd48491 elementor-widget elementor-widget-text-editor\" data-id=\"fd48491\" data-element_type=\"widget\" data-widget_type=\"text-editor.default\">\n\t\t\t\t<div class=\"elementor-widget-container\">\n\t\t\t\t\t\t\t<h3>\u201cEl colegio Calasanz para mi es y ser\u00e1 siempre mi casa, infinito agradecimiento por la educaci\u00f3n de calidad recibida demostrada en mi \u00e1mbito profesional, destacando siempre y se lo debo a cada uno de los detalles que tuvieron mis maestros para formarme, gracias a ellos he alcanzados metas que cre\u00eda imposibles, y todos con<\/h3><h3>humanismo y empat\u00eda ante cualquier situaci\u00f3n Siempre Calasancia.\u201d<\/h3>\t\t\t\t\t\t<\/div>\n\t\t\t\t<\/div>\n\t\t\t\t<div class=\"elementor-element elementor-element-be84c8e elementor-widget elementor-widget-image\" data-id=\"be84c8e\" data-element_type=\"widget\" data-widget_type=\"image.default\">\n\t\t\t\t<div class=\"elementor-widget-container\">\n\t\t\t\t\t\t\t\t\t\t\t\t\t\t\t<img loading=\"lazy\" decoding=\"async\" width=\"192\" height=\"255\" src=\"https:\/\/leon.colegiocalasanz.edu.ni\/wp-content\/uploads\/2024\/05\/FOTO-ALEJANDRA-192x255.jpg\" class=\"attachment-large size-large wp-image-3826\" alt=\"\" srcset=\"https:\/\/leon.colegiocalasanz.edu.ni\/wp-content\/uploads\/2024\/05\/FOTO-ALEJANDRA.jpg 192w, https:\/\/leon.colegiocalasanz.edu.ni\/wp-content\/uploads\/2024\/05\/FOTO-ALEJANDRA-9x12.jpg 9w, https:\/\/leon.colegiocalasanz.edu.ni\/wp-content\/uploads\/2024\/05\/FOTO-ALEJANDRA-75x100.jpg 75w, https:\/\/leon.colegiocalasanz.edu.ni\/wp-content\/uploads\/2024\/05\/FOTO-ALEJANDRA-113x150.jpg 113w\" sizes=\"auto, (max-width: 192px) 100vw, 192px\" \/>\t\t\t\t\t\t\t\t\t\t\t\t\t\t\t<\/div>\n\t\t\t\t<\/div>\n\t\t\t\t\t<\/div>\n\t\t<\/div>\n\t\t\t\t\t\t\t<\/div>\n\t\t<\/section>\n\t\t\t\t<div class=\"elementor-element elementor-element-0445cb0 elementor-align-center hoverable elementor-widget elementor-widget-button\" data-id=\"0445cb0\" data-element_type=\"widget\" data-widget_type=\"button.default\">\n\t\t\t\t<div class=\"elementor-widget-container\">\n\t\t\t\t\t<div class=\"elementor-button-wrapper\">\n\t\t\t<a class=\"elementor-button elementor-button-link elementor-size-md\" href=\"#\">\n\t\t\t\t\t\t<span class=\"elementor-button-content-wrapper\">\n\t\t\t\t\t\t<span class=\"elementor-button-text\"> CALASANZ NOS UNE EN PIEDAD Y LETRAS, VEN Y VER\u00c1S MI LUGAR\u200b<\/span>\n\t\t<\/span>\n\t\t\t\t\t<\/a>\n\t\t<\/div>\n\t\t\t\t<\/div>\n\t\t\t\t<\/div>\n\t\t\t\t\t<\/div>\n\t\t<\/div>\n\t\t\t\t\t\t\t<\/div>\n\t\t<\/section>\n\t\t\t\t\t\t\t<\/div>\n\t\t","protected":false},"excerpt":{"rendered":"<p>Arq. Jos\u00e9 Ivan Jim\u00e9nez G\u00e1mez &nbsp;Mis 11 a\u00f1os en el Calasanz Le\u00f3n, me dejaron m\u00faltiples conocimientos en ciencias, letras, valores y desarrollo de habilidades, que me permitieron desenvolverme con facilidad en la universidad, de los que m\u00e1s me val\u00ed son las expresi\u00f3n oral, escrita y&nbsp;<a href=\"https:\/\/leon.colegiocalasanz.edu.ni\/?page_id=3620\">&hellip;<\/a><\/p>\n","protected":false},"author":5,"featured_media":0,"parent":0,"menu_order":0,"comment_status":"closed","ping_status":"closed","template":"template-fullwidth.php","meta":{"footnotes":""},"class_list":["post-3620","page","type-page","status-publish","hentry","odd"],"_links":{"self":[{"href":"https:\/\/leon.colegiocalasanz.edu.ni\/index.php?rest_route=\/wp\/v2\/pages\/3620","targetHints":{"allow":["GET"]}}],"collection":[{"href":"https:\/\/leon.colegiocalasanz.edu.ni\/index.php?rest_route=\/wp\/v2\/pages"}],"about":[{"href":"https:\/\/leon.colegiocalasanz.edu.ni\/index.php?rest_route=\/wp\/v2\/types\/page"}],"author":[{"embeddable":true,"href":"https:\/\/leon.colegiocalasanz.edu.ni\/index.php?rest_route=\/wp\/v2\/users\/5"}],"replies":[{"embeddable":true,"href":"https:\/\/leon.colegiocalasanz.edu.ni\/index.php?rest_route=%2Fwp%2Fv2%2Fcomments&post=3620"}],"version-history":[{"count":16,"href":"https:\/\/leon.colegiocalasanz.edu.ni\/index.php?rest_route=\/wp\/v2\/pages\/3620\/revisions"}],"predecessor-version":[{"id":3833,"href":"https:\/\/leon.colegiocalasanz.edu.ni\/index.php?rest_route=\/wp\/v2\/pages\/3620\/revisions\/3833"}],"wp:attachment":[{"href":"https:\/\/leon.colegiocalasanz.edu.ni\/index.php?rest_route=%2Fwp%2Fv2%2Fmedia&parent=3620"}],"curies":[{"name":"wp","href":"https:\/\/api.w.org\/{rel}","templated":true}]}}