{"id":4256,"date":"2024-09-19T11:19:14","date_gmt":"2024-09-19T15:19:14","guid":{"rendered":"https:\/\/leon.colegiocalasanz.edu.ni\/?page_id=4256"},"modified":"2025-01-09T17:21:24","modified_gmt":"2025-01-09T21:21:24","slug":"1ra-convocatoria-de-admision","status":"publish","type":"page","link":"https:\/\/leon.colegiocalasanz.edu.ni\/?page_id=4256","title":{"rendered":"Fotos y Temarios de  Admisi\u00f3n"},"content":{"rendered":"\t\t<div data-elementor-type=\"wp-post\" data-elementor-id=\"4256\" class=\"elementor elementor-4256\">\n\t\t\t\t\t\t\t\t\t<section class=\"elementor-section elementor-top-section elementor-element elementor-element-73ef700 elementor-section-stretched elementor-section-boxed elementor-section-height-default elementor-section-height-default\" data-id=\"73ef700\" data-element_type=\"section\" data-settings=\"{&quot;background_background&quot;:&quot;classic&quot;,&quot;stretch_section&quot;:&quot;section-stretched&quot;}\">\n\t\t\t\t\t\t\t<div class=\"elementor-background-overlay\"><\/div>\n\t\t\t\t\t\t\t<div class=\"elementor-container elementor-column-gap-default\">\n\t\t\t\t\t<div class=\"elementor-column elementor-col-100 elementor-top-column elementor-element elementor-element-2c4c85d\" data-id=\"2c4c85d\" data-element_type=\"column\">\n\t\t\t<div class=\"elementor-widget-wrap elementor-element-populated\">\n\t\t\t\t\t\t\t\t<div class=\"elementor-element elementor-element-300b568 elementor-widget elementor-widget-image\" data-id=\"300b568\" data-element_type=\"widget\" data-widget_type=\"image.default\">\n\t\t\t\t<div class=\"elementor-widget-container\">\n\t\t\t\t\t\t\t\t\t\t\t\t\t\t\t<img loading=\"lazy\" decoding=\"async\" width=\"1000\" height=\"300\" src=\"https:\/\/leon.colegiocalasanz.edu.ni\/wp-content\/uploads\/2024\/10\/Admision-diciembre-1-1000x300.jpeg\" class=\"attachment-large size-large wp-image-4442\" alt=\"\" srcset=\"https:\/\/leon.colegiocalasanz.edu.ni\/wp-content\/uploads\/2024\/10\/Admision-diciembre-1.jpeg 1000w, https:\/\/leon.colegiocalasanz.edu.ni\/wp-content\/uploads\/2024\/10\/Admision-diciembre-1-300x90.jpeg 300w, https:\/\/leon.colegiocalasanz.edu.ni\/wp-content\/uploads\/2024\/10\/Admision-diciembre-1-18x5.jpeg 18w, https:\/\/leon.colegiocalasanz.edu.ni\/wp-content\/uploads\/2024\/10\/Admision-diciembre-1-100x30.jpeg 100w, https:\/\/leon.colegiocalasanz.edu.ni\/wp-content\/uploads\/2024\/10\/Admision-diciembre-1-150x45.jpeg 150w\" sizes=\"auto, (max-width: 1000px) 100vw, 1000px\" \/>\t\t\t\t\t\t\t\t\t\t\t\t\t\t\t<\/div>\n\t\t\t\t<\/div>\n\t\t\t\t\t<\/div>\n\t\t<\/div>\n\t\t\t\t\t\t\t<\/div>\n\t\t<\/section>\n\t\t\t\t<section class=\"elementor-section elementor-top-section elementor-element elementor-element-a93b09b elementor-section-boxed elementor-section-height-default elementor-section-height-default\" data-id=\"a93b09b\" data-element_type=\"section\">\n\t\t\t\t\t\t<div class=\"elementor-container elementor-column-gap-default\">\n\t\t\t\t\t<div class=\"elementor-column elementor-col-50 elementor-top-column elementor-element elementor-element-c5889fc\" data-id=\"c5889fc\" data-element_type=\"column\">\n\t\t\t<div class=\"elementor-widget-wrap elementor-element-populated\">\n\t\t\t\t\t\t\t\t<div class=\"elementor-element elementor-element-9398f99 elementor-widget elementor-widget-heading\" data-id=\"9398f99\" data-element_type=\"widget\" data-widget_type=\"heading.default\">\n\t\t\t\t<div class=\"elementor-widget-container\">\n\t\t\t<h2 class=\"elementor-heading-title elementor-size-default\">Temario de Admisi\u00f3n Primaria<br>A\u00f1o 2024-2025<\/h2>\t\t<\/div>\n\t\t\t\t<\/div>\n\t\t\t\t\t<\/div>\n\t\t<\/div>\n\t\t\t\t<div class=\"elementor-column elementor-col-50 elementor-top-column elementor-element elementor-element-ab1ddc6\" data-id=\"ab1ddc6\" data-element_type=\"column\">\n\t\t\t<div class=\"elementor-widget-wrap elementor-element-populated\">\n\t\t\t\t\t\t\t\t<div class=\"elementor-element elementor-element-d6b2dfe elementor-widget elementor-widget-heading\" data-id=\"d6b2dfe\" data-element_type=\"widget\" data-widget_type=\"heading.default\">\n\t\t\t\t<div class=\"elementor-widget-container\">\n\t\t\t<h2 class=\"elementor-heading-title elementor-size-default\">Temario de Admisi\u00f3n Secundaria<br>A\u00f1o 2024-2025 <\/h2>\t\t<\/div>\n\t\t\t\t<\/div>\n\t\t\t\t\t<\/div>\n\t\t<\/div>\n\t\t\t\t\t\t\t<\/div>\n\t\t<\/section>\n\t\t\t\t<section class=\"elementor-section elementor-top-section elementor-element elementor-element-cdd9c5d elementor-section-boxed elementor-section-height-default elementor-section-height-default\" data-id=\"cdd9c5d\" data-element_type=\"section\">\n\t\t\t\t\t\t<div class=\"elementor-container elementor-column-gap-default\">\n\t\t\t\t\t<div class=\"elementor-column elementor-col-50 elementor-top-column elementor-element elementor-element-9b4742c\" data-id=\"9b4742c\" data-element_type=\"column\">\n\t\t\t<div class=\"elementor-widget-wrap elementor-element-populated\">\n\t\t\t\t\t\t\t\t<div class=\"elementor-element elementor-element-1a04d76 elementor-widget elementor-widget-text-editor\" data-id=\"1a04d76\" data-element_type=\"widget\" data-widget_type=\"text-editor.default\">\n\t\t\t\t<div class=\"elementor-widget-container\">\n\t\t\t\t\t\t\t<h4><strong><a href=\"https:\/\/leon.colegiocalasanz.edu.ni\/wp-content\/uploads\/2024\/09\/1\u00b0-Temario-de-admision-2025-1.docx\">1\u00b0 Temario de admisi\u00f3n 2025<\/a><\/strong><\/h4><h4><strong><a href=\"https:\/\/leon.colegiocalasanz.edu.ni\/wp-content\/uploads\/2024\/09\/2\u00b0-Temario-de-admision-2025.docx\">2\u00b0 Temario de admisi\u00f3n 2025<\/a><\/strong><\/h4><h4><strong><a href=\"https:\/\/leon.colegiocalasanz.edu.ni\/wp-content\/uploads\/2024\/09\/3\u00b0-temario-de-admision-2025.docx\">3\u00b0 temario de admisi\u00f3n 2025<\/a><\/strong><\/h4><h4><strong><a href=\"https:\/\/leon.colegiocalasanz.edu.ni\/wp-content\/uploads\/2024\/09\/4\u00b0-Temario-de-admision-2025.docx\">4\u00b0 Temario de admisi\u00f3n 2025<\/a><\/strong><\/h4><h4><strong><a href=\"https:\/\/leon.colegiocalasanz.edu.ni\/wp-content\/uploads\/2024\/09\/5\u00b0-Temario-de-admision-2025.docx\">5\u00b0 Temario de admisi\u00f3n 2025<\/a><\/strong><\/h4><h4><strong><a href=\"https:\/\/leon.colegiocalasanz.edu.ni\/wp-content\/uploads\/2024\/09\/6\u00b0-Temario-de-admision-2025.docx\">6\u00b0 Temario de admisi\u00f3n 2025<\/a><\/strong><\/h4><h4><strong><a href=\"https:\/\/leon.colegiocalasanz.edu.ni\/wp-content\/uploads\/2024\/09\/7\u00b0-Temario-de-admision-2025.docx\">7\u00b0 Temario de admisi\u00f3n 2025<\/a><\/strong><\/h4>\t\t\t\t\t\t<\/div>\n\t\t\t\t<\/div>\n\t\t\t\t\t<\/div>\n\t\t<\/div>\n\t\t\t\t<div class=\"elementor-column elementor-col-50 elementor-top-column elementor-element elementor-element-9efd531\" data-id=\"9efd531\" data-element_type=\"column\">\n\t\t\t<div class=\"elementor-widget-wrap elementor-element-populated\">\n\t\t\t\t\t\t\t\t<div class=\"elementor-element elementor-element-4989aca elementor-widget elementor-widget-text-editor\" data-id=\"4989aca\" data-element_type=\"widget\" data-widget_type=\"text-editor.default\">\n\t\t\t\t<div class=\"elementor-widget-container\">\n\t\t\t\t\t\t\t<h4><a href=\"https:\/\/leon.colegiocalasanz.edu.ni\/wp-content\/uploads\/2024\/09\/2025-8VO-TEMARIO-MARIO.docx\">2025 8VO TEMARIO<\/a><a href=\"https:\/\/leon.colegiocalasanz.edu.ni\/wp-content\/uploads\/2024\/09\/2025-8VO-TEMARIO-MARIO.docx\"> MARIO<\/a><\/h4><h4><a href=\"https:\/\/leon.colegiocalasanz.edu.ni\/wp-content\/uploads\/2024\/09\/2025-10mo-TEMARIO-MARIO.docx\">2025 10mo TEMARIO<\/a><a href=\"https:\/\/leon.colegiocalasanz.edu.ni\/wp-content\/uploads\/2024\/09\/2025-10mo-TEMARIO-MARIO.docx\"> MARIO<\/a><\/h4><h4><a href=\"https:\/\/leon.colegiocalasanz.edu.ni\/wp-content\/uploads\/2024\/09\/TEMARIO-ADMISION-LL-2025.docx\">TEMARIO ADMISI\u00d3N L,L 2025<\/a><\/h4><h4><a href=\"https:\/\/leon.colegiocalasanz.edu.ni\/wp-content\/uploads\/2024\/09\/TEMARIO-DE-ADMISION-8vo.docx\">TEMARIO DE ADMISI\u00d3N 8vo<\/a><\/h4><h4><a href=\"https:\/\/leon.colegiocalasanz.edu.ni\/wp-content\/uploads\/2024\/09\/TEMARIO-DE-ADMISION-9no.docx\">TEMARIO DE ADMISI\u00d3N 9no<\/a><\/h4><h4><a href=\"https:\/\/leon.colegiocalasanz.edu.ni\/wp-content\/uploads\/2024\/09\/TEMARIO-DE-ADMISION-10mo.docx\">TEMARIO DE ADMISI\u00d3N 10mo<\/a><\/h4><h4><a href=\"https:\/\/leon.colegiocalasanz.edu.ni\/wp-content\/uploads\/2024\/09\/TEMARIO-DE-ADMISION-11mo.docx\">TEMARIO DE ADMISI\u00d3N 11mo<\/a><\/h4><h4><a href=\"https:\/\/leon.colegiocalasanz.edu.ni\/wp-content\/uploads\/2024\/09\/TEMARIO-LENGUA-10MO-Y-11MO.docx\">TEMARIO\u00a0<\/a><a href=\"https:\/\/leon.colegiocalasanz.edu.ni\/wp-content\/uploads\/2024\/09\/TEMARIO-LENGUA-10MO-Y-11MO.docx\">LENGUA 10MO Y 11MO<\/a><\/h4><h4><a href=\"https:\/\/leon.colegiocalasanz.edu.ni\/wp-content\/uploads\/2024\/09\/TEMARIOS-DE-MATE-9NO-Y-11MO-FERNANDO.docx\">TEMARIOS DE MATE 9NO Y 11MO<\/a><\/h4>\t\t\t\t\t\t<\/div>\n\t\t\t\t<\/div>\n\t\t\t\t\t<\/div>\n\t\t<\/div>\n\t\t\t\t\t\t\t<\/div>\n\t\t<\/section>\n\t\t\t\t<section class=\"elementor-section elementor-top-section elementor-element elementor-element-d89bcbe elementor-section-boxed elementor-section-height-default elementor-section-height-default\" data-id=\"d89bcbe\" data-element_type=\"section\">\n\t\t\t\t\t\t<div class=\"elementor-container elementor-column-gap-default\">\n\t\t\t\t\t<div class=\"elementor-column elementor-col-100 elementor-top-column elementor-element elementor-element-f475a70\" data-id=\"f475a70\" data-element_type=\"column\">\n\t\t\t<div class=\"elementor-widget-wrap elementor-element-populated\">\n\t\t\t\t\t\t\t\t<div class=\"elementor-element elementor-element-a0521b9 elementor-widget elementor-widget-heading\" data-id=\"a0521b9\" data-element_type=\"widget\" data-widget_type=\"heading.default\">\n\t\t\t\t<div class=\"elementor-widget-container\">\n\t\t\t<h2 class=\"elementor-heading-title elementor-size-default\">GALERIA DE FOTOS <\/h2>\t\t<\/div>\n\t\t\t\t<\/div>\n\t\t\t\t\t<\/div>\n\t\t<\/div>\n\t\t\t\t\t\t\t<\/div>\n\t\t<\/section>\n\t\t\t\t<section class=\"elementor-section elementor-top-section elementor-element elementor-element-9456451 elementor-section-boxed elementor-section-height-default elementor-section-height-default\" data-id=\"9456451\" data-element_type=\"section\">\n\t\t\t\t\t\t<div class=\"elementor-container elementor-column-gap-default\">\n\t\t\t\t\t<div class=\"elementor-column elementor-col-100 elementor-top-column elementor-element elementor-element-0162d99\" data-id=\"0162d99\" data-element_type=\"column\">\n\t\t\t<div class=\"elementor-widget-wrap elementor-element-populated\">\n\t\t\t\t\t\t\t\t<div class=\"elementor-element elementor-element-f7b629f elementor-widget__width-inherit elementor-arrows-position-inside elementor-pagination-position-outside elementor-widget elementor-widget-image-carousel\" data-id=\"f7b629f\" data-element_type=\"widget\" data-settings=\"{&quot;navigation&quot;:&quot;both&quot;,&quot;autoplay&quot;:&quot;yes&quot;,&quot;pause_on_hover&quot;:&quot;yes&quot;,&quot;pause_on_interaction&quot;:&quot;yes&quot;,&quot;autoplay_speed&quot;:5000,&quot;infinite&quot;:&quot;yes&quot;,&quot;speed&quot;:500}\" data-widget_type=\"image-carousel.default\">\n\t\t\t\t<div class=\"elementor-widget-container\">\n\t\t\t\t\t<div class=\"elementor-image-carousel-wrapper swiper-container\" dir=\"ltr\">\n\t\t\t<div class=\"elementor-image-carousel swiper-wrapper\" aria-live=\"off\">\n\t\t\t\t\t\t\t\t<div class=\"swiper-slide\" role=\"group\" aria-roledescription=\"slide\" aria-label=\"1 de 30\"><figure class=\"swiper-slide-inner\"><img decoding=\"async\" class=\"swiper-slide-image\" src=\"https:\/\/leon.colegiocalasanz.edu.ni\/wp-content\/uploads\/2025\/01\/BANER-FELIZ-ANO-NUEVO-529x655.jpg\" alt=\"BANER FELIZ A\u00d1O NUEVO\" \/><\/figure><\/div><div class=\"swiper-slide\" role=\"group\" aria-roledescription=\"slide\" aria-label=\"2 de 30\"><figure class=\"swiper-slide-inner\"><img decoding=\"async\" class=\"swiper-slide-image\" src=\"https:\/\/leon.colegiocalasanz.edu.ni\/wp-content\/uploads\/2025\/01\/PROFE-LISSETTE-363x557.jpg\" alt=\"PROFE LISSETTE\" \/><\/figure><\/div><div class=\"swiper-slide\" role=\"group\" aria-roledescription=\"slide\" aria-label=\"3 de 30\"><figure class=\"swiper-slide-inner\"><img decoding=\"async\" class=\"swiper-slide-image\" src=\"https:\/\/leon.colegiocalasanz.edu.ni\/wp-content\/uploads\/2025\/01\/BACHILLER-5TO-403x547.jpg\" alt=\"BACHILLER 5TO\" \/><\/figure><\/div><div class=\"swiper-slide\" role=\"group\" aria-roledescription=\"slide\" aria-label=\"4 de 30\"><figure class=\"swiper-slide-inner\"><img decoding=\"async\" class=\"swiper-slide-image\" src=\"https:\/\/leon.colegiocalasanz.edu.ni\/wp-content\/uploads\/2025\/01\/PROFE-JUNIETH-369x593.jpg\" alt=\"PROFE JUNIETH\" \/><\/figure><\/div><div class=\"swiper-slide\" role=\"group\" aria-roledescription=\"slide\" aria-label=\"5 de 30\"><figure class=\"swiper-slide-inner\"><img decoding=\"async\" class=\"swiper-slide-image\" src=\"https:\/\/leon.colegiocalasanz.edu.ni\/wp-content\/uploads\/2025\/01\/SANDY-722x631.jpg\" alt=\"SANDY\" \/><\/figure><\/div><div class=\"swiper-slide\" role=\"group\" aria-roledescription=\"slide\" aria-label=\"6 de 30\"><figure class=\"swiper-slide-inner\"><img decoding=\"async\" class=\"swiper-slide-image\" src=\"https:\/\/leon.colegiocalasanz.edu.ni\/wp-content\/uploads\/2025\/01\/SOCRATE-RENE-995x558.jpg\" alt=\"SOCRATE RENE\" \/><\/figure><\/div><div class=\"swiper-slide\" role=\"group\" aria-roledescription=\"slide\" aria-label=\"7 de 30\"><figure class=\"swiper-slide-inner\"><img decoding=\"async\" class=\"swiper-slide-image\" src=\"https:\/\/leon.colegiocalasanz.edu.ni\/wp-content\/uploads\/2025\/01\/LISSETE-EN-CATEDRAL-800x600.jpg\" alt=\"LISSETE EN CATEDRAL\" \/><\/figure><\/div><div class=\"swiper-slide\" role=\"group\" aria-roledescription=\"slide\" aria-label=\"8 de 30\"><figure class=\"swiper-slide-inner\"><img decoding=\"async\" class=\"swiper-slide-image\" src=\"https:\/\/leon.colegiocalasanz.edu.ni\/wp-content\/uploads\/2025\/01\/P-DONAL-CON-TROFEO-861x604.jpg\" alt=\"P DONAL CON TROFEO\" \/><\/figure><\/div><div class=\"swiper-slide\" role=\"group\" aria-roledescription=\"slide\" aria-label=\"9 de 30\"><figure class=\"swiper-slide-inner\"><img decoding=\"async\" class=\"swiper-slide-image\" src=\"https:\/\/leon.colegiocalasanz.edu.ni\/wp-content\/uploads\/2025\/01\/LISSETTE-TROFEOS-732x605.jpg\" alt=\"LISSETTE TROFEOS\" \/><\/figure><\/div><div class=\"swiper-slide\" role=\"group\" aria-roledescription=\"slide\" aria-label=\"10 de 30\"><figure class=\"swiper-slide-inner\"><img decoding=\"async\" class=\"swiper-slide-image\" src=\"https:\/\/leon.colegiocalasanz.edu.ni\/wp-content\/uploads\/2025\/01\/EQUIPO-AZUL-845x601.jpg\" alt=\"EQUIPO AZUL\" \/><\/figure><\/div><div class=\"swiper-slide\" role=\"group\" aria-roledescription=\"slide\" aria-label=\"11 de 30\"><figure class=\"swiper-slide-inner\"><img decoding=\"async\" class=\"swiper-slide-image\" src=\"https:\/\/leon.colegiocalasanz.edu.ni\/wp-content\/uploads\/2025\/01\/P-EVER-981x559.jpg\" alt=\"P EVER\" \/><\/figure><\/div><div class=\"swiper-slide\" role=\"group\" aria-roledescription=\"slide\" aria-label=\"12 de 30\"><figure class=\"swiper-slide-inner\"><img decoding=\"async\" class=\"swiper-slide-image\" src=\"https:\/\/leon.colegiocalasanz.edu.ni\/wp-content\/uploads\/2025\/01\/ESCENARIO-996x452.jpg\" alt=\"ESCENARIO\" \/><\/figure><\/div><div class=\"swiper-slide\" role=\"group\" aria-roledescription=\"slide\" aria-label=\"13 de 30\"><figure class=\"swiper-slide-inner\"><img decoding=\"async\" class=\"swiper-slide-image\" src=\"https:\/\/leon.colegiocalasanz.edu.ni\/wp-content\/uploads\/2025\/01\/PDONALD-CATEDRAL-772x598.jpg\" alt=\"PDONALD CATEDRAL\" \/><\/figure><\/div><div class=\"swiper-slide\" role=\"group\" aria-roledescription=\"slide\" aria-label=\"14 de 30\"><figure class=\"swiper-slide-inner\"><img decoding=\"async\" class=\"swiper-slide-image\" src=\"https:\/\/leon.colegiocalasanz.edu.ni\/wp-content\/uploads\/2025\/01\/PADRE-DONALD-801x516.jpg\" alt=\"PADRE DONALD\" \/><\/figure><\/div><div class=\"swiper-slide\" role=\"group\" aria-roledescription=\"slide\" aria-label=\"15 de 30\"><figure class=\"swiper-slide-inner\"><img decoding=\"async\" class=\"swiper-slide-image\" src=\"https:\/\/leon.colegiocalasanz.edu.ni\/wp-content\/uploads\/2025\/01\/UAN-DOS-997x464.jpg\" alt=\"UAN DOS\" \/><\/figure><\/div><div class=\"swiper-slide\" role=\"group\" aria-roledescription=\"slide\" aria-label=\"16 de 30\"><figure class=\"swiper-slide-inner\"><img decoding=\"async\" class=\"swiper-slide-image\" src=\"https:\/\/leon.colegiocalasanz.edu.ni\/wp-content\/uploads\/2025\/01\/ALUMNOS-CALASANZ-866x543.jpg\" alt=\"ALUMNOS CALASANZ\" \/><\/figure><\/div><div class=\"swiper-slide\" role=\"group\" aria-roledescription=\"slide\" aria-label=\"17 de 30\"><figure class=\"swiper-slide-inner\"><img decoding=\"async\" class=\"swiper-slide-image\" src=\"https:\/\/leon.colegiocalasanz.edu.ni\/wp-content\/uploads\/2025\/01\/ALUMNOS-CON-VICTOR-925x561.jpg\" alt=\"ALUMNOS CON VICTOR\" \/><\/figure><\/div><div class=\"swiper-slide\" role=\"group\" aria-roledescription=\"slide\" aria-label=\"18 de 30\"><figure class=\"swiper-slide-inner\"><img decoding=\"async\" class=\"swiper-slide-image\" src=\"https:\/\/leon.colegiocalasanz.edu.ni\/wp-content\/uploads\/2025\/01\/EQUIPO-LA-ASUNCION-823x604.jpg\" alt=\"EQUIPO LA ASUNCION\" \/><\/figure><\/div><div class=\"swiper-slide\" role=\"group\" aria-roledescription=\"slide\" aria-label=\"19 de 30\"><figure class=\"swiper-slide-inner\"><img decoding=\"async\" class=\"swiper-slide-image\" src=\"https:\/\/leon.colegiocalasanz.edu.ni\/wp-content\/uploads\/2025\/01\/EQUIPO-LA-AZUNSION-735x604.jpg\" alt=\"EQUIPO LA AZUNSION\" \/><\/figure><\/div><div class=\"swiper-slide\" role=\"group\" aria-roledescription=\"slide\" aria-label=\"20 de 30\"><figure class=\"swiper-slide-inner\"><img decoding=\"async\" class=\"swiper-slide-image\" src=\"https:\/\/leon.colegiocalasanz.edu.ni\/wp-content\/uploads\/2025\/01\/EQUIPO-LA-RECOLECCION-732x604.jpg\" alt=\"EQUIPO LA RECOLECCION\" \/><\/figure><\/div><div class=\"swiper-slide\" role=\"group\" aria-roledescription=\"slide\" aria-label=\"21 de 30\"><figure class=\"swiper-slide-inner\"><img decoding=\"async\" class=\"swiper-slide-image\" src=\"https:\/\/leon.colegiocalasanz.edu.ni\/wp-content\/uploads\/2025\/01\/EQUIPO-MADRE-MARIA-EUGENIA-789x604.jpg\" alt=\"EQUIPO MADRE MARIA EUGENIA\" \/><\/figure><\/div><div class=\"swiper-slide\" role=\"group\" aria-roledescription=\"slide\" aria-label=\"22 de 30\"><figure class=\"swiper-slide-inner\"><img decoding=\"async\" class=\"swiper-slide-image\" src=\"https:\/\/leon.colegiocalasanz.edu.ni\/wp-content\/uploads\/2025\/01\/FOTO-ANDERSON-SUB-CAMPEON-740x601.jpg\" alt=\"FOTO ANDERSON SUB CAMPEON\" \/><\/figure><\/div><div class=\"swiper-slide\" role=\"group\" aria-roledescription=\"slide\" aria-label=\"23 de 30\"><figure class=\"swiper-slide-inner\"><img decoding=\"async\" class=\"swiper-slide-image\" src=\"https:\/\/leon.colegiocalasanz.edu.ni\/wp-content\/uploads\/2025\/01\/JOSEPH-FOOTBALL-865x609.jpg\" alt=\"JOSEPH FOOTBALL\" \/><\/figure><\/div><div class=\"swiper-slide\" role=\"group\" aria-roledescription=\"slide\" aria-label=\"24 de 30\"><figure class=\"swiper-slide-inner\"><img decoding=\"async\" class=\"swiper-slide-image\" src=\"https:\/\/leon.colegiocalasanz.edu.ni\/wp-content\/uploads\/2025\/01\/JUVENIL-FOOTBALL-705x550.jpg\" alt=\"JUVENIL FOOTBALL\" \/><\/figure><\/div><div class=\"swiper-slide\" role=\"group\" aria-roledescription=\"slide\" aria-label=\"25 de 30\"><figure class=\"swiper-slide-inner\"><img decoding=\"async\" class=\"swiper-slide-image\" src=\"https:\/\/leon.colegiocalasanz.edu.ni\/wp-content\/uploads\/2025\/01\/OCTAVIO-803x593.jpg\" alt=\"OCTAVIO\" \/><\/figure><\/div><div class=\"swiper-slide\" role=\"group\" aria-roledescription=\"slide\" aria-label=\"26 de 30\"><figure class=\"swiper-slide-inner\"><img decoding=\"async\" class=\"swiper-slide-image\" src=\"https:\/\/leon.colegiocalasanz.edu.ni\/wp-content\/uploads\/2025\/01\/TABLA-801x534.jpg\" alt=\"TABLA\" \/><\/figure><\/div><div class=\"swiper-slide\" role=\"group\" aria-roledescription=\"slide\" aria-label=\"27 de 30\"><figure class=\"swiper-slide-inner\"><img decoding=\"async\" class=\"swiper-slide-image\" src=\"https:\/\/leon.colegiocalasanz.edu.ni\/wp-content\/uploads\/2025\/01\/LA-UAN-764x444.jpg\" alt=\"LA UAN\" \/><\/figure><\/div><div class=\"swiper-slide\" role=\"group\" aria-roledescription=\"slide\" aria-label=\"28 de 30\"><figure class=\"swiper-slide-inner\"><img decoding=\"async\" class=\"swiper-slide-image\" src=\"https:\/\/leon.colegiocalasanz.edu.ni\/wp-content\/uploads\/2025\/01\/LECTURA-EN-VOZ-ALTA-792x551.jpg\" alt=\"LECTURA EN VOZ ALTA\" \/><\/figure><\/div><div class=\"swiper-slide\" role=\"group\" aria-roledescription=\"slide\" aria-label=\"29 de 30\"><figure class=\"swiper-slide-inner\"><img decoding=\"async\" class=\"swiper-slide-image\" src=\"https:\/\/leon.colegiocalasanz.edu.ni\/wp-content\/uploads\/2025\/01\/EL-PATITO-FEO-947x550.jpg\" alt=\"EL PATITO FEO\" \/><\/figure><\/div><div class=\"swiper-slide\" role=\"group\" aria-roledescription=\"slide\" aria-label=\"30 de 30\"><figure class=\"swiper-slide-inner\"><img decoding=\"async\" class=\"swiper-slide-image\" src=\"https:\/\/leon.colegiocalasanz.edu.ni\/wp-content\/uploads\/2025\/01\/NINOS-DE-PREESCOLAR-801x484.jpg\" alt=\"NI\u00d1OS DE PREESCOLAR\" \/><\/figure><\/div>\t\t\t<\/div>\n\t\t\t\t\t\t\t\t\t\t\t\t<div class=\"elementor-swiper-button elementor-swiper-button-prev\" role=\"button\" tabindex=\"0\">\n\t\t\t\t\t\t<i aria-hidden=\"true\" class=\"eicon-chevron-left\"><\/i>\t\t\t\t\t<\/div>\n\t\t\t\t\t<div class=\"elementor-swiper-button elementor-swiper-button-next\" role=\"button\" tabindex=\"0\">\n\t\t\t\t\t\t<i aria-hidden=\"true\" class=\"eicon-chevron-right\"><\/i>\t\t\t\t\t<\/div>\n\t\t\t\t\n\t\t\t\t\t\t\t\t\t<div class=\"swiper-pagination\"><\/div>\n\t\t\t\t\t\t\t\t\t<\/div>\n\t\t\t\t<\/div>\n\t\t\t\t<\/div>\n\t\t\t\t\t<\/div>\n\t\t<\/div>\n\t\t\t\t\t\t\t<\/div>\n\t\t<\/section>\n\t\t\t\t\t\t\t<\/div>\n\t\t","protected":false},"excerpt":{"rendered":"<p>Temario de Admisi\u00f3n PrimariaA\u00f1o 2024-2025 Temario de Admisi\u00f3n SecundariaA\u00f1o 2024-2025 1\u00b0 Temario de admisi\u00f3n 2025 2\u00b0 Temario de admisi\u00f3n 2025 3\u00b0 temario de admisi\u00f3n 2025 4\u00b0 Temario de admisi\u00f3n 2025 5\u00b0 Temario de admisi\u00f3n 2025 6\u00b0 Temario de admisi\u00f3n 2025 7\u00b0 Temario de admisi\u00f3n 2025&nbsp;<a href=\"https:\/\/leon.colegiocalasanz.edu.ni\/?page_id=4256\">&hellip;<\/a><\/p>\n","protected":false},"author":5,"featured_media":0,"parent":0,"menu_order":0,"comment_status":"closed","ping_status":"closed","template":"template-fullwidth.php","meta":{"footnotes":""},"class_list":["post-4256","page","type-page","status-publish","hentry","odd"],"_links":{"self":[{"href":"https:\/\/leon.colegiocalasanz.edu.ni\/index.php?rest_route=\/wp\/v2\/pages\/4256","targetHints":{"allow":["GET"]}}],"collection":[{"href":"https:\/\/leon.colegiocalasanz.edu.ni\/index.php?rest_route=\/wp\/v2\/pages"}],"about":[{"href":"https:\/\/leon.colegiocalasanz.edu.ni\/index.php?rest_route=\/wp\/v2\/types\/page"}],"author":[{"embeddable":true,"href":"https:\/\/leon.colegiocalasanz.edu.ni\/index.php?rest_route=\/wp\/v2\/users\/5"}],"replies":[{"embeddable":true,"href":"https:\/\/leon.colegiocalasanz.edu.ni\/index.php?rest_route=%2Fwp%2Fv2%2Fcomments&post=4256"}],"version-history":[{"count":46,"href":"https:\/\/leon.colegiocalasanz.edu.ni\/index.php?rest_route=\/wp\/v2\/pages\/4256\/revisions"}],"predecessor-version":[{"id":4603,"href":"https:\/\/leon.colegiocalasanz.edu.ni\/index.php?rest_route=\/wp\/v2\/pages\/4256\/revisions\/4603"}],"wp:attachment":[{"href":"https:\/\/leon.colegiocalasanz.edu.ni\/index.php?rest_route=%2Fwp%2Fv2%2Fmedia&parent=4256"}],"curies":[{"name":"wp","href":"https:\/\/api.w.org\/{rel}","templated":true}]}}