{"id":4353,"date":"2024-09-25T10:30:47","date_gmt":"2024-09-25T14:30:47","guid":{"rendered":"https:\/\/leon.colegiocalasanz.edu.ni\/?page_id=4353"},"modified":"2025-05-19T10:14:42","modified_gmt":"2025-05-19T14:14:42","slug":"coordinacion-primaria-123-psicologa","status":"publish","type":"page","link":"https:\/\/leon.colegiocalasanz.edu.ni\/?page_id=4353","title":{"rendered":"Coordinaci\u00f3n Primaria 123 Psic\u00f3loga"},"content":{"rendered":"\t\t<div data-elementor-type=\"wp-post\" data-elementor-id=\"4353\" class=\"elementor elementor-4353\">\n\t\t\t\t\t\t\t\t\t<section class=\"elementor-section elementor-top-section elementor-element elementor-element-23514230 elementor-section-boxed elementor-section-height-default elementor-section-height-default\" data-id=\"23514230\" data-element_type=\"section\">\n\t\t\t\t\t\t<div class=\"elementor-container elementor-column-gap-wide\">\n\t\t\t\t\t<div class=\"elementor-column elementor-col-33 elementor-top-column elementor-element elementor-element-69ed9129\" data-id=\"69ed9129\" data-element_type=\"column\">\n\t\t\t<div class=\"elementor-widget-wrap elementor-element-populated\">\n\t\t\t\t\t\t\t\t<div class=\"elementor-element elementor-element-56207e36 elementor-widget elementor-widget-image\" data-id=\"56207e36\" data-element_type=\"widget\" data-widget_type=\"image.default\">\n\t\t\t\t<div class=\"elementor-widget-container\">\n\t\t\t\t\t\t\t\t\t\t\t\t\t\t\t<img loading=\"lazy\" decoding=\"async\" width=\"724\" height=\"1024\" src=\"https:\/\/leon.colegiocalasanz.edu.ni\/wp-content\/uploads\/2024\/09\/BENITA-LOPEZ-PSICOLOGA-724x1024.jpg\" class=\"attachment-large size-large wp-image-4355\" alt=\"\" srcset=\"https:\/\/leon.colegiocalasanz.edu.ni\/wp-content\/uploads\/2024\/09\/BENITA-LOPEZ-PSICOLOGA-724x1024.jpg 724w, https:\/\/leon.colegiocalasanz.edu.ni\/wp-content\/uploads\/2024\/09\/BENITA-LOPEZ-PSICOLOGA-212x300.jpg 212w, https:\/\/leon.colegiocalasanz.edu.ni\/wp-content\/uploads\/2024\/09\/BENITA-LOPEZ-PSICOLOGA-8x12.jpg 8w, https:\/\/leon.colegiocalasanz.edu.ni\/wp-content\/uploads\/2024\/09\/BENITA-LOPEZ-PSICOLOGA-71x100.jpg 71w, https:\/\/leon.colegiocalasanz.edu.ni\/wp-content\/uploads\/2024\/09\/BENITA-LOPEZ-PSICOLOGA-1086x1536.jpg 1086w, https:\/\/leon.colegiocalasanz.edu.ni\/wp-content\/uploads\/2024\/09\/BENITA-LOPEZ-PSICOLOGA.jpg 1414w, https:\/\/leon.colegiocalasanz.edu.ni\/wp-content\/uploads\/2024\/09\/BENITA-LOPEZ-PSICOLOGA-106x150.jpg 106w\" sizes=\"auto, (max-width: 724px) 100vw, 724px\" \/>\t\t\t\t\t\t\t\t\t\t\t\t\t\t\t<\/div>\n\t\t\t\t<\/div>\n\t\t\t\t\t<\/div>\n\t\t<\/div>\n\t\t\t\t<div class=\"elementor-column elementor-col-33 elementor-top-column elementor-element elementor-element-60f5a2c5\" data-id=\"60f5a2c5\" data-element_type=\"column\">\n\t\t\t<div class=\"elementor-widget-wrap elementor-element-populated\">\n\t\t\t\t\t\t\t\t<div class=\"elementor-element elementor-element-5f9be7fc elementor-widget elementor-widget-heading\" data-id=\"5f9be7fc\" data-element_type=\"widget\" data-widget_type=\"heading.default\">\n\t\t\t\t<div class=\"elementor-widget-container\">\n\t\t\t<h2 class=\"elementor-heading-title elementor-size-default\">Coordinadora de Primaria<\/h2>\t\t<\/div>\n\t\t\t\t<\/div>\n\t\t\t\t<div class=\"elementor-element elementor-element-4b1d3acc elementor-widget__width-initial elementor-widget elementor-widget-heading\" data-id=\"4b1d3acc\" data-element_type=\"widget\" data-widget_type=\"heading.default\">\n\t\t\t\t<div class=\"elementor-widget-container\">\n\t\t\t<p class=\"elementor-heading-title elementor-size-medium\">La coordinadora de primaria de 1ro, 2do y 3er grado, coordina y acompa\u00f1a a los profesores en su desempe\u00f1o en planificaci\u00f3n acad\u00e9mica, horario de clase, pr\u00e1ctica laboral, etc.\nTambi\u00e9n facilita el enlace entre: familias-colegio, familias-maestros, maestros-alumnos, direcci\u00f3n- maestros.\nAdem\u00e1s es tarea de la coordinadora, la supervisi\u00f3n y mantenimiento de un ambiente acad\u00e9mico en el plantel. Tambi\u00e9n es responsable del departamento de psicolog\u00eda de Primaria, en casos especiales, en el aspecto acad\u00e9mico o conductual coordina y\/o supervisa las actividades curriculares y extra \u2013 curriculares, de forma que se lleven a cabo en orden y buscando siempre la excelencia.<\/p>\t\t<\/div>\n\t\t\t\t<\/div>\n\t\t\t\t\t<\/div>\n\t\t<\/div>\n\t\t\t\t<div class=\"elementor-column elementor-col-33 elementor-top-column elementor-element elementor-element-1dcd61c9\" data-id=\"1dcd61c9\" data-element_type=\"column\" data-settings=\"{&quot;background_background&quot;:&quot;classic&quot;}\">\n\t\t\t<div class=\"elementor-widget-wrap\">\n\t\t\t\t\t\t\t\t\t<\/div>\n\t\t<\/div>\n\t\t\t\t\t\t\t<\/div>\n\t\t<\/section>\n\t\t\t\t<section class=\"elementor-section elementor-top-section elementor-element elementor-element-3597f0e elementor-section-boxed elementor-section-height-default elementor-section-height-default\" data-id=\"3597f0e\" data-element_type=\"section\">\n\t\t\t\t\t\t<div class=\"elementor-container elementor-column-gap-default\">\n\t\t\t\t\t<div class=\"elementor-column elementor-col-100 elementor-top-column elementor-element elementor-element-4ef5358\" data-id=\"4ef5358\" data-element_type=\"column\">\n\t\t\t<div class=\"elementor-widget-wrap elementor-element-populated\">\n\t\t\t\t\t\t\t\t<div class=\"elementor-element elementor-element-f23a4fe elementor-widget elementor-widget-heading\" data-id=\"f23a4fe\" data-element_type=\"widget\" data-widget_type=\"heading.default\">\n\t\t\t\t<div class=\"elementor-widget-container\">\n\t\t\t<h2 class=\"elementor-heading-title elementor-size-default\">Docentes de Primaria<\/h2>\t\t<\/div>\n\t\t\t\t<\/div>\n\t\t\t\t\t<\/div>\n\t\t<\/div>\n\t\t\t\t\t\t\t<\/div>\n\t\t<\/section>\n\t\t\t\t<section class=\"elementor-section elementor-top-section elementor-element elementor-element-20549ce elementor-section-boxed elementor-section-height-default elementor-section-height-default\" data-id=\"20549ce\" data-element_type=\"section\">\n\t\t\t\t\t\t<div class=\"elementor-container elementor-column-gap-default\">\n\t\t\t\t\t<div class=\"elementor-column elementor-col-25 elementor-top-column elementor-element elementor-element-0db5d36\" data-id=\"0db5d36\" data-element_type=\"column\">\n\t\t\t<div class=\"elementor-widget-wrap elementor-element-populated\">\n\t\t\t\t\t\t\t\t<div class=\"elementor-element elementor-element-c8cb35f elementor-widget elementor-widget-image\" data-id=\"c8cb35f\" data-element_type=\"widget\" data-widget_type=\"image.default\">\n\t\t\t\t<div class=\"elementor-widget-container\">\n\t\t\t\t\t\t\t\t\t\t\t\t\t\t\t<img loading=\"lazy\" decoding=\"async\" width=\"724\" height=\"1024\" src=\"https:\/\/leon.colegiocalasanz.edu.ni\/wp-content\/uploads\/2025\/04\/20-1-724x1024.jpg\" class=\"attachment-large size-large wp-image-4686\" alt=\"\" srcset=\"https:\/\/leon.colegiocalasanz.edu.ni\/wp-content\/uploads\/2025\/04\/20-1-724x1024.jpg 724w, https:\/\/leon.colegiocalasanz.edu.ni\/wp-content\/uploads\/2025\/04\/20-1-212x300.jpg 212w, https:\/\/leon.colegiocalasanz.edu.ni\/wp-content\/uploads\/2025\/04\/20-1-8x12.jpg 8w, https:\/\/leon.colegiocalasanz.edu.ni\/wp-content\/uploads\/2025\/04\/20-1-71x100.jpg 71w, https:\/\/leon.colegiocalasanz.edu.ni\/wp-content\/uploads\/2025\/04\/20-1-1086x1536.jpg 1086w, https:\/\/leon.colegiocalasanz.edu.ni\/wp-content\/uploads\/2025\/04\/20-1.jpg 1414w, https:\/\/leon.colegiocalasanz.edu.ni\/wp-content\/uploads\/2025\/04\/20-1-106x150.jpg 106w\" sizes=\"auto, (max-width: 724px) 100vw, 724px\" \/>\t\t\t\t\t\t\t\t\t\t\t\t\t\t\t<\/div>\n\t\t\t\t<\/div>\n\t\t\t\t\t<\/div>\n\t\t<\/div>\n\t\t\t\t<div class=\"elementor-column elementor-col-25 elementor-top-column elementor-element elementor-element-b56b1f3\" data-id=\"b56b1f3\" data-element_type=\"column\">\n\t\t\t<div class=\"elementor-widget-wrap elementor-element-populated\">\n\t\t\t\t\t\t\t\t<div class=\"elementor-element elementor-element-beca6f0 elementor-widget elementor-widget-image\" data-id=\"beca6f0\" data-element_type=\"widget\" data-widget_type=\"image.default\">\n\t\t\t\t<div class=\"elementor-widget-container\">\n\t\t\t\t\t\t\t\t\t\t\t\t\t\t\t<img loading=\"lazy\" decoding=\"async\" width=\"724\" height=\"1024\" src=\"https:\/\/leon.colegiocalasanz.edu.ni\/wp-content\/uploads\/2025\/04\/19-1-724x1024.jpg\" class=\"attachment-large size-large wp-image-4707\" alt=\"\" srcset=\"https:\/\/leon.colegiocalasanz.edu.ni\/wp-content\/uploads\/2025\/04\/19-1-724x1024.jpg 724w, https:\/\/leon.colegiocalasanz.edu.ni\/wp-content\/uploads\/2025\/04\/19-1-212x300.jpg 212w, https:\/\/leon.colegiocalasanz.edu.ni\/wp-content\/uploads\/2025\/04\/19-1-8x12.jpg 8w, https:\/\/leon.colegiocalasanz.edu.ni\/wp-content\/uploads\/2025\/04\/19-1-71x100.jpg 71w, https:\/\/leon.colegiocalasanz.edu.ni\/wp-content\/uploads\/2025\/04\/19-1-1086x1536.jpg 1086w, https:\/\/leon.colegiocalasanz.edu.ni\/wp-content\/uploads\/2025\/04\/19-1.jpg 1414w, https:\/\/leon.colegiocalasanz.edu.ni\/wp-content\/uploads\/2025\/04\/19-1-106x150.jpg 106w\" sizes=\"auto, (max-width: 724px) 100vw, 724px\" \/>\t\t\t\t\t\t\t\t\t\t\t\t\t\t\t<\/div>\n\t\t\t\t<\/div>\n\t\t\t\t\t<\/div>\n\t\t<\/div>\n\t\t\t\t<div class=\"elementor-column elementor-col-25 elementor-top-column elementor-element elementor-element-1fb3801\" data-id=\"1fb3801\" data-element_type=\"column\">\n\t\t\t<div class=\"elementor-widget-wrap elementor-element-populated\">\n\t\t\t\t\t\t\t\t<div class=\"elementor-element elementor-element-4e78680 elementor-widget elementor-widget-image\" data-id=\"4e78680\" data-element_type=\"widget\" data-widget_type=\"image.default\">\n\t\t\t\t<div class=\"elementor-widget-container\">\n\t\t\t\t\t\t\t\t\t\t\t\t\t\t\t<img loading=\"lazy\" decoding=\"async\" width=\"724\" height=\"1024\" src=\"https:\/\/leon.colegiocalasanz.edu.ni\/wp-content\/uploads\/2025\/04\/21-724x1024.jpg\" class=\"attachment-large size-large wp-image-4687\" alt=\"\" srcset=\"https:\/\/leon.colegiocalasanz.edu.ni\/wp-content\/uploads\/2025\/04\/21-724x1024.jpg 724w, https:\/\/leon.colegiocalasanz.edu.ni\/wp-content\/uploads\/2025\/04\/21-212x300.jpg 212w, https:\/\/leon.colegiocalasanz.edu.ni\/wp-content\/uploads\/2025\/04\/21-8x12.jpg 8w, https:\/\/leon.colegiocalasanz.edu.ni\/wp-content\/uploads\/2025\/04\/21-71x100.jpg 71w, https:\/\/leon.colegiocalasanz.edu.ni\/wp-content\/uploads\/2025\/04\/21-1086x1536.jpg 1086w, https:\/\/leon.colegiocalasanz.edu.ni\/wp-content\/uploads\/2025\/04\/21.jpg 1414w, https:\/\/leon.colegiocalasanz.edu.ni\/wp-content\/uploads\/2025\/04\/21-106x150.jpg 106w\" sizes=\"auto, (max-width: 724px) 100vw, 724px\" \/>\t\t\t\t\t\t\t\t\t\t\t\t\t\t\t<\/div>\n\t\t\t\t<\/div>\n\t\t\t\t\t<\/div>\n\t\t<\/div>\n\t\t\t\t<div class=\"elementor-column elementor-col-25 elementor-top-column elementor-element elementor-element-440097a\" data-id=\"440097a\" data-element_type=\"column\">\n\t\t\t<div class=\"elementor-widget-wrap elementor-element-populated\">\n\t\t\t\t\t\t\t\t<div class=\"elementor-element elementor-element-1daab62 elementor-widget elementor-widget-image\" data-id=\"1daab62\" data-element_type=\"widget\" data-widget_type=\"image.default\">\n\t\t\t\t<div class=\"elementor-widget-container\">\n\t\t\t\t\t\t\t\t\t\t\t\t\t\t\t<img loading=\"lazy\" decoding=\"async\" width=\"724\" height=\"1024\" src=\"https:\/\/leon.colegiocalasanz.edu.ni\/wp-content\/uploads\/2025\/04\/23-724x1024.jpg\" class=\"attachment-large size-large wp-image-4688\" alt=\"\" srcset=\"https:\/\/leon.colegiocalasanz.edu.ni\/wp-content\/uploads\/2025\/04\/23-724x1024.jpg 724w, https:\/\/leon.colegiocalasanz.edu.ni\/wp-content\/uploads\/2025\/04\/23-212x300.jpg 212w, https:\/\/leon.colegiocalasanz.edu.ni\/wp-content\/uploads\/2025\/04\/23-8x12.jpg 8w, https:\/\/leon.colegiocalasanz.edu.ni\/wp-content\/uploads\/2025\/04\/23-71x100.jpg 71w, https:\/\/leon.colegiocalasanz.edu.ni\/wp-content\/uploads\/2025\/04\/23-1086x1536.jpg 1086w, https:\/\/leon.colegiocalasanz.edu.ni\/wp-content\/uploads\/2025\/04\/23.jpg 1414w, https:\/\/leon.colegiocalasanz.edu.ni\/wp-content\/uploads\/2025\/04\/23-106x150.jpg 106w\" sizes=\"auto, (max-width: 724px) 100vw, 724px\" \/>\t\t\t\t\t\t\t\t\t\t\t\t\t\t\t<\/div>\n\t\t\t\t<\/div>\n\t\t\t\t\t<\/div>\n\t\t<\/div>\n\t\t\t\t\t\t\t<\/div>\n\t\t<\/section>\n\t\t\t\t<section class=\"elementor-section elementor-top-section elementor-element elementor-element-be752ce elementor-section-boxed elementor-section-height-default elementor-section-height-default\" data-id=\"be752ce\" data-element_type=\"section\">\n\t\t\t\t\t\t<div class=\"elementor-container elementor-column-gap-default\">\n\t\t\t\t\t<div class=\"elementor-column elementor-col-25 elementor-top-column elementor-element elementor-element-29989ba\" data-id=\"29989ba\" data-element_type=\"column\">\n\t\t\t<div class=\"elementor-widget-wrap elementor-element-populated\">\n\t\t\t\t\t\t\t\t\t<\/div>\n\t\t<\/div>\n\t\t\t\t<div class=\"elementor-column elementor-col-25 elementor-top-column elementor-element elementor-element-89ab6e7\" data-id=\"89ab6e7\" data-element_type=\"column\">\n\t\t\t<div class=\"elementor-widget-wrap elementor-element-populated\">\n\t\t\t\t\t\t\t\t<div class=\"elementor-element elementor-element-9897a8e elementor-widget elementor-widget-image\" data-id=\"9897a8e\" data-element_type=\"widget\" data-widget_type=\"image.default\">\n\t\t\t\t<div class=\"elementor-widget-container\">\n\t\t\t\t\t\t\t\t\t\t\t\t\t\t\t<img loading=\"lazy\" decoding=\"async\" width=\"724\" height=\"1024\" src=\"https:\/\/leon.colegiocalasanz.edu.ni\/wp-content\/uploads\/2025\/04\/22-724x1024.jpg\" class=\"attachment-large size-large wp-image-4689\" alt=\"\" srcset=\"https:\/\/leon.colegiocalasanz.edu.ni\/wp-content\/uploads\/2025\/04\/22-724x1024.jpg 724w, https:\/\/leon.colegiocalasanz.edu.ni\/wp-content\/uploads\/2025\/04\/22-212x300.jpg 212w, https:\/\/leon.colegiocalasanz.edu.ni\/wp-content\/uploads\/2025\/04\/22-8x12.jpg 8w, https:\/\/leon.colegiocalasanz.edu.ni\/wp-content\/uploads\/2025\/04\/22-71x100.jpg 71w, https:\/\/leon.colegiocalasanz.edu.ni\/wp-content\/uploads\/2025\/04\/22-1086x1536.jpg 1086w, https:\/\/leon.colegiocalasanz.edu.ni\/wp-content\/uploads\/2025\/04\/22.jpg 1414w, https:\/\/leon.colegiocalasanz.edu.ni\/wp-content\/uploads\/2025\/04\/22-106x150.jpg 106w\" sizes=\"auto, (max-width: 724px) 100vw, 724px\" \/>\t\t\t\t\t\t\t\t\t\t\t\t\t\t\t<\/div>\n\t\t\t\t<\/div>\n\t\t\t\t\t<\/div>\n\t\t<\/div>\n\t\t\t\t<div class=\"elementor-column elementor-col-25 elementor-top-column elementor-element elementor-element-0bb169f\" data-id=\"0bb169f\" data-element_type=\"column\">\n\t\t\t<div class=\"elementor-widget-wrap elementor-element-populated\">\n\t\t\t\t\t\t\t\t<div class=\"elementor-element elementor-element-89f518d elementor-widget elementor-widget-image\" data-id=\"89f518d\" data-element_type=\"widget\" data-widget_type=\"image.default\">\n\t\t\t\t<div class=\"elementor-widget-container\">\n\t\t\t\t\t\t\t\t\t\t\t\t\t\t\t<img loading=\"lazy\" decoding=\"async\" width=\"724\" height=\"1024\" src=\"https:\/\/leon.colegiocalasanz.edu.ni\/wp-content\/uploads\/2025\/05\/profe-aura-724x1024.jpg\" class=\"attachment-large size-large wp-image-4846\" alt=\"\" srcset=\"https:\/\/leon.colegiocalasanz.edu.ni\/wp-content\/uploads\/2025\/05\/profe-aura-724x1024.jpg 724w, https:\/\/leon.colegiocalasanz.edu.ni\/wp-content\/uploads\/2025\/05\/profe-aura-212x300.jpg 212w, https:\/\/leon.colegiocalasanz.edu.ni\/wp-content\/uploads\/2025\/05\/profe-aura-8x12.jpg 8w, https:\/\/leon.colegiocalasanz.edu.ni\/wp-content\/uploads\/2025\/05\/profe-aura-71x100.jpg 71w, https:\/\/leon.colegiocalasanz.edu.ni\/wp-content\/uploads\/2025\/05\/profe-aura-1086x1536.jpg 1086w, https:\/\/leon.colegiocalasanz.edu.ni\/wp-content\/uploads\/2025\/05\/profe-aura.jpg 1414w, https:\/\/leon.colegiocalasanz.edu.ni\/wp-content\/uploads\/2025\/05\/profe-aura-106x150.jpg 106w\" sizes=\"auto, (max-width: 724px) 100vw, 724px\" \/>\t\t\t\t\t\t\t\t\t\t\t\t\t\t\t<\/div>\n\t\t\t\t<\/div>\n\t\t\t\t\t<\/div>\n\t\t<\/div>\n\t\t\t\t<div class=\"elementor-column elementor-col-25 elementor-top-column elementor-element elementor-element-e9e5d16\" data-id=\"e9e5d16\" data-element_type=\"column\">\n\t\t\t<div class=\"elementor-widget-wrap elementor-element-populated\">\n\t\t\t\t\t\t\t\t\t<\/div>\n\t\t<\/div>\n\t\t\t\t\t\t\t<\/div>\n\t\t<\/section>\n\t\t\t\t\t\t\t<\/div>\n\t\t","protected":false},"excerpt":{"rendered":"<p>Coordinadora de Primaria La coordinadora de primaria de 1ro, 2do y 3er grado, coordina y acompa\u00f1a a los profesores en su desempe\u00f1o en planificaci\u00f3n acad\u00e9mica, horario de clase, pr\u00e1ctica laboral, etc. Tambi\u00e9n facilita el enlace entre: familias-colegio, familias-maestros, maestros-alumnos, direcci\u00f3n- maestros. Adem\u00e1s es tarea de&nbsp;<a href=\"https:\/\/leon.colegiocalasanz.edu.ni\/?page_id=4353\">&hellip;<\/a><\/p>\n","protected":false},"author":5,"featured_media":0,"parent":0,"menu_order":0,"comment_status":"closed","ping_status":"closed","template":"template-fullwidth.php","meta":{"footnotes":""},"class_list":["post-4353","page","type-page","status-publish","hentry","odd"],"_links":{"self":[{"href":"https:\/\/leon.colegiocalasanz.edu.ni\/index.php?rest_route=\/wp\/v2\/pages\/4353","targetHints":{"allow":["GET"]}}],"collection":[{"href":"https:\/\/leon.colegiocalasanz.edu.ni\/index.php?rest_route=\/wp\/v2\/pages"}],"about":[{"href":"https:\/\/leon.colegiocalasanz.edu.ni\/index.php?rest_route=\/wp\/v2\/types\/page"}],"author":[{"embeddable":true,"href":"https:\/\/leon.colegiocalasanz.edu.ni\/index.php?rest_route=\/wp\/v2\/users\/5"}],"replies":[{"embeddable":true,"href":"https:\/\/leon.colegiocalasanz.edu.ni\/index.php?rest_route=%2Fwp%2Fv2%2Fcomments&post=4353"}],"version-history":[{"count":16,"href":"https:\/\/leon.colegiocalasanz.edu.ni\/index.php?rest_route=\/wp\/v2\/pages\/4353\/revisions"}],"predecessor-version":[{"id":4849,"href":"https:\/\/leon.colegiocalasanz.edu.ni\/index.php?rest_route=\/wp\/v2\/pages\/4353\/revisions\/4849"}],"wp:attachment":[{"href":"https:\/\/leon.colegiocalasanz.edu.ni\/index.php?rest_route=%2Fwp%2Fv2%2Fmedia&parent=4353"}],"curies":[{"name":"wp","href":"https:\/\/api.w.org\/{rel}","templated":true}]}}